{"id":18,"date":"2020-09-21T15:49:35","date_gmt":"2020-09-21T15:49:35","guid":{"rendered":"http:\/\/beta.mplogistics.com.vn\/?page_id=18"},"modified":"2021-04-05T16:40:33","modified_gmt":"2021-04-05T16:40:33","slug":"import-export-seafreight-services","status":"publish","type":"page","link":"http:\/\/mplogistics.com.vn\/vi\/import-export-seafreight-services\/","title":{"rendered":"D\u1ecbch v\u1ee5 V\u1eadn t\u1ea3i xu\u1ea5t nh\u1eadp kh\u1ea9u \u0110\u01b0\u1eddng bi\u1ec3n"},"content":{"rendered":"<p><span style=\"font-weight: 400;\"><strong>M &amp; P LOGISTICS<\/strong> l\u00e0 m\u1ed9t trong nh\u1eefng nh\u00e0 cung c\u1ea5p d\u1ecbch v\u1ee5 v\u1eadn t\u1ea3i xu\u1ea5t nh\u1eadp kh\u1ea9u h\u00e0ng \u0111\u1ea7u t\u1ea1i Vi\u1ec7t Nam, cung c\u1ea5p c\u00e1c chuy\u1ebfn h\u00e0ng v\u1eadn chuy\u1ec3n \u0111\u01b0\u1eddng bi\u1ec3n \u0111i v\u00e0 \u0111\u1ebfn. Ch\u00fang t\u00f4i \u0111\u00e3 thi\u1ebft l\u1eadp m\u1ed1i quan h\u1ec7 t\u1ed1t v\u1edbi c\u00e1c h\u00e3ng v\u1eadn t\u1ea3i l\u1edbn li\u00ean quan \u0111\u1ebfn vi\u1ec7c ph\u00e2n b\u1ed5 kh\u00f4ng gian. \u0110\u1ecbnh tuy\u1ebfn chuy\u00ean bi\u1ec7t v\u00e0 ph\u00e2n b\u1ed5 l\u01b0u l\u01b0\u1ee3ng giao d\u1ecbch c\u00f3 th\u1ec3 \u0111\u01b0\u1ee3c th\u1ef1c hi\u1ec7n m\u1ed9t c\u00e1ch hi\u1ec7u qu\u1ea3 th\u00f4ng qua m\u1ea1ng l\u01b0\u1edbi \u0111\u1ea1i l\u00fd m\u1ea1nh m\u1ebd c\u1ee7a ch\u00fang t\u00f4i.<\/span><\/p>\r\n<p><span style=\"font-weight: 400;\">Ngo\u00e0i ra, \u0111\u1ed9i ng\u0169 c\u1ee7a ch\u00fang t\u00f4i c\u00f3 ki\u1ebfn \u200b\u200bth\u1ee9c v\u00e0 kinh nghi\u1ec7m s\u00e2u r\u1ed9ng v\u1ec1 giao nh\u1eadn h\u00e0ng h\u00f3a b\u1eb1ng \u0111\u01b0\u1eddng bi\u1ec3n, \u0111\u1ea3m b\u1ea3o c\u00f3 th\u1ec3 cung c\u1ea5p \u0111\u01b0\u1ee3c \u0111\u1ea7y \u0111\u1ee7 c\u00e1c ph\u01b0\u01a1ng \u00e1n v\u1eadn chuy\u1ec3n cho b\u1ea1n.<\/span><\/p>\r\n<p><b><i>C\u00e1c ho\u1ea1t \u0111\u1ed9ng v\u00e0 ch\u1ee9c n\u0103ng ch\u00ednh<\/i><\/b><\/p>\r\n\r\n\r\n\r\n<p><img loading=\"lazy\" src=\"https:\/\/lh3.googleusercontent.com\/lmwt3BlMYEg4c3XRhgDYhmIcGBLbEZTw0W_AgklnsIrMOGgjvYNTZ6lHzSSUGY7DJNBDIckav0hGC9mn0V2PFC8ilIdYDNFQPIrCJQ8rKiRFyzBLQLduLwIOpCnN-cPyiQSbkiM554DTUq6Z6A\" width=\"28\" height=\"28\" \/> <span style=\"font-weight: 400;\">D\u1ecbch v\u1ee5 chuy\u00ean d\u1ee5ng cho v\u1eadn chuy\u1ec3n LCL<\/span><\/p>\r\n\r\n\r\n\r\n<p><img loading=\"lazy\" src=\"https:\/\/lh3.googleusercontent.com\/lmwt3BlMYEg4c3XRhgDYhmIcGBLbEZTw0W_AgklnsIrMOGgjvYNTZ6lHzSSUGY7DJNBDIckav0hGC9mn0V2PFC8ilIdYDNFQPIrCJQ8rKiRFyzBLQLduLwIOpCnN-cPyiQSbkiM554DTUq6Z6A\" width=\"28\" height=\"28\" \/> <span style=\"font-weight: 400;\">H\u1ec7 th\u1ed1ng ch\u0103m s\u00f3c kh\u00e1ch h\u00e0ng<\/span><\/p>\r\n\r\n\r\n\r\n<p><img loading=\"lazy\" src=\"https:\/\/lh3.googleusercontent.com\/lmwt3BlMYEg4c3XRhgDYhmIcGBLbEZTw0W_AgklnsIrMOGgjvYNTZ6lHzSSUGY7DJNBDIckav0hGC9mn0V2PFC8ilIdYDNFQPIrCJQ8rKiRFyzBLQLduLwIOpCnN-cPyiQSbkiM554DTUq6Z6A\" width=\"28\" height=\"28\" \/> <span style=\"font-weight: 400;\">D\u1ecbch v\u1ee5 FCL<\/span><\/p>\r\n\r\n\r\n\r\n<p><img loading=\"lazy\" src=\"https:\/\/lh3.googleusercontent.com\/lmwt3BlMYEg4c3XRhgDYhmIcGBLbEZTw0W_AgklnsIrMOGgjvYNTZ6lHzSSUGY7DJNBDIckav0hGC9mn0V2PFC8ilIdYDNFQPIrCJQ8rKiRFyzBLQLduLwIOpCnN-cPyiQSbkiM554DTUq6Z6A\" width=\"28\" height=\"28\" \/> <span style=\"font-weight: 400;\">Gi\u00e1 th\u00e0nh c\u1ea1nh tranh<\/span><\/p>\r\n\r\n\r\n\r\n<p><img loading=\"lazy\" src=\"https:\/\/lh3.googleusercontent.com\/lmwt3BlMYEg4c3XRhgDYhmIcGBLbEZTw0W_AgklnsIrMOGgjvYNTZ6lHzSSUGY7DJNBDIckav0hGC9mn0V2PFC8ilIdYDNFQPIrCJQ8rKiRFyzBLQLduLwIOpCnN-cPyiQSbkiM554DTUq6Z6A\" width=\"28\" height=\"28\" \/> <span style=\"font-weight: 400;\">D\u1ecbch v\u1ee5 v\u1eadn chuy\u1ec3n s\u1ed1 l\u01b0\u1ee3ng l\u1edbn<\/span><\/p>\r\n\r\n\r\n\r\n<p><img loading=\"lazy\" src=\"https:\/\/lh3.googleusercontent.com\/lmwt3BlMYEg4c3XRhgDYhmIcGBLbEZTw0W_AgklnsIrMOGgjvYNTZ6lHzSSUGY7DJNBDIckav0hGC9mn0V2PFC8ilIdYDNFQPIrCJQ8rKiRFyzBLQLduLwIOpCnN-cPyiQSbkiM554DTUq6Z6A\" width=\"28\" height=\"28\" \/> <span style=\"font-weight: 400;\">H\u1ec7 th\u1ed1ng \u0111\u1ea1i l\u00fd to\u00e0n c\u1ea7u<\/span><\/p>\r\n\r\n\r\n\r\n<p><img loading=\"lazy\" src=\"https:\/\/lh3.googleusercontent.com\/lmwt3BlMYEg4c3XRhgDYhmIcGBLbEZTw0W_AgklnsIrMOGgjvYNTZ6lHzSSUGY7DJNBDIckav0hGC9mn0V2PFC8ilIdYDNFQPIrCJQ8rKiRFyzBLQLduLwIOpCnN-cPyiQSbkiM554DTUq6Z6A\" width=\"28\" height=\"28\" \/> <span style=\"font-weight: 400;\">V\u1eadn chuy\u1ec3n theo d\u1ef1 \u00e1n<\/span><\/p>\r\n\r\n\r\n\r\n<p><img loading=\"lazy\" src=\"https:\/\/lh3.googleusercontent.com\/lmwt3BlMYEg4c3XRhgDYhmIcGBLbEZTw0W_AgklnsIrMOGgjvYNTZ6lHzSSUGY7DJNBDIckav0hGC9mn0V2PFC8ilIdYDNFQPIrCJQ8rKiRFyzBLQLduLwIOpCnN-cPyiQSbkiM554DTUq6Z6A\" width=\"28\" height=\"28\" \/> <span style=\"font-weight: 400;\">B\u1ea3o hi\u1ec3m \u0111\u01b0\u1eddng bi\u1ec3n<\/span><\/p>","protected":false},"excerpt":{"rendered":"<p>M &amp; P LOGISTICS l\u00e0 m\u1ed9t trong nh\u1eefng nh\u00e0 cung c\u1ea5p d\u1ecbch v\u1ee5 v\u1eadn t\u1ea3i xu\u1ea5t nh\u1eadp kh\u1ea9u h\u00e0ng \u0111\u1ea7u t\u1ea1i Vi\u1ec7t Nam, cung c\u1ea5p c\u00e1c chuy\u1ebfn h\u00e0ng v\u1eadn chuy\u1ec3n \u0111\u01b0\u1eddng bi\u1ec3n \u0111i v\u00e0 \u0111\u1ebfn. Ch\u00fang t\u00f4i \u0111\u00e3 thi\u1ebft l\u1eadp m\u1ed1i quan h\u1ec7 t\u1ed1t v\u1edbi c\u00e1c h\u00e3ng v\u1eadn t\u1ea3i l\u1edbn li\u00ean quan \u0111\u1ebfn vi\u1ec7c ph\u00e2n b\u1ed5 kh\u00f4ng gian. \u0110\u1ecbnh tuy\u1ebfn chuy\u00ean bi\u1ec7t v\u00e0 ph\u00e2n b\u1ed5 l\u01b0u l\u01b0\u1ee3ng giao d\u1ecbch c\u00f3 &hellip; <\/p>\n","protected":false},"author":1,"featured_media":2187,"parent":0,"menu_order":0,"comment_status":"closed","ping_status":"closed","template":"","meta":[],"_links":{"self":[{"href":"http:\/\/mplogistics.com.vn\/vi\/wp-json\/wp\/v2\/pages\/18"}],"collection":[{"href":"http:\/\/mplogistics.com.vn\/vi\/wp-json\/wp\/v2\/pages"}],"about":[{"href":"http:\/\/mplogistics.com.vn\/vi\/wp-json\/wp\/v2\/types\/page"}],"author":[{"embeddable":true,"href":"http:\/\/mplogistics.com.vn\/vi\/wp-json\/wp\/v2\/users\/1"}],"replies":[{"embeddable":true,"href":"http:\/\/mplogistics.com.vn\/vi\/wp-json\/wp\/v2\/comments?post=18"}],"version-history":[{"count":5,"href":"http:\/\/mplogistics.com.vn\/vi\/wp-json\/wp\/v2\/pages\/18\/revisions"}],"predecessor-version":[{"id":2358,"href":"http:\/\/mplogistics.com.vn\/vi\/wp-json\/wp\/v2\/pages\/18\/revisions\/2358"}],"wp:featuredmedia":[{"embeddable":true,"href":"http:\/\/mplogistics.com.vn\/vi\/wp-json\/wp\/v2\/media\/2187"}],"wp:attachment":[{"href":"http:\/\/mplogistics.com.vn\/vi\/wp-json\/wp\/v2\/media?parent=18"}],"curies":[{"name":"wp","href":"https:\/\/api.w.org\/{rel}","templated":true}]}}