{"id":1960,"date":"2020-09-24T17:11:09","date_gmt":"2020-09-24T17:11:09","guid":{"rendered":"http:\/\/beta.mplogistics.com.vn\/?page_id=1960"},"modified":"2021-04-06T02:58:13","modified_gmt":"2021-04-06T02:58:13","slug":"1960-2","status":"publish","type":"page","link":"http:\/\/mplogistics.com.vn\/vi\/1960-2\/","title":{"rendered":""},"content":{"rendered":"<h2>D\u1ecbch v\u1ee5 h\u1eadu c\u1ea7n ho\u00e0n ch\u1ec9nh<\/h2>\r\n\r\n\r\n\r\n<p>M&amp;P Logistics \u0111\u1eb7t m\u1ee5c ti\u00eau tr\u1edf th\u00e0nh chuy\u00ean gia h\u1eadu c\u1ea7n h\u00e0ng kh\u00f4ng v\u00e0 \u0111\u01b0\u1eddng bi\u1ec3n h\u00e0ng \u0111\u1ea7u Ch\u00e2u \u00c1, \u0111\u1ed3ng th\u1eddi cung c\u1ea5p c\u00e1c gi\u1ea3i ph\u00e1p h\u1eadu c\u1ea7n m\u1ed9t c\u1eeda v\u01b0\u1ee3t tr\u1ed9i v\u00e0 \u0111\u00e1ng tin c\u1eady cho kh\u00e1ch h\u00e0ng c\u1ee7a ch\u00fang t\u00f4i.<\/p>","protected":false},"excerpt":{"rendered":"<p>D\u1ecbch v\u1ee5 h\u1eadu c\u1ea7n ho\u00e0n ch\u1ec9nh M&amp;P Logistics \u0111\u1eb7t m\u1ee5c ti\u00eau tr\u1edf th\u00e0nh chuy\u00ean gia h\u1eadu c\u1ea7n h\u00e0ng kh\u00f4ng v\u00e0 \u0111\u01b0\u1eddng bi\u1ec3n h\u00e0ng \u0111\u1ea7u Ch\u00e2u \u00c1, \u0111\u1ed3ng th\u1eddi cung c\u1ea5p c\u00e1c gi\u1ea3i ph\u00e1p h\u1eadu c\u1ea7n m\u1ed9t c\u1eeda v\u01b0\u1ee3t tr\u1ed9i v\u00e0 \u0111\u00e1ng tin c\u1eady cho kh\u00e1ch h\u00e0ng c\u1ee7a ch\u00fang t\u00f4i.<\/p>\n","protected":false},"author":1,"featured_media":0,"parent":0,"menu_order":0,"comment_status":"closed","ping_status":"closed","template":"page-templates\/business-page.php","meta":[],"_links":{"self":[{"href":"http:\/\/mplogistics.com.vn\/vi\/wp-json\/wp\/v2\/pages\/1960"}],"collection":[{"href":"http:\/\/mplogistics.com.vn\/vi\/wp-json\/wp\/v2\/pages"}],"about":[{"href":"http:\/\/mplogistics.com.vn\/vi\/wp-json\/wp\/v2\/types\/page"}],"author":[{"embeddable":true,"href":"http:\/\/mplogistics.com.vn\/vi\/wp-json\/wp\/v2\/users\/1"}],"replies":[{"embeddable":true,"href":"http:\/\/mplogistics.com.vn\/vi\/wp-json\/wp\/v2\/comments?post=1960"}],"version-history":[{"count":8,"href":"http:\/\/mplogistics.com.vn\/vi\/wp-json\/wp\/v2\/pages\/1960\/revisions"}],"predecessor-version":[{"id":2371,"href":"http:\/\/mplogistics.com.vn\/vi\/wp-json\/wp\/v2\/pages\/1960\/revisions\/2371"}],"wp:attachment":[{"href":"http:\/\/mplogistics.com.vn\/vi\/wp-json\/wp\/v2\/media?parent=1960"}],"curies":[{"name":"wp","href":"https:\/\/api.w.org\/{rel}","templated":true}]}}