{"id":2,"date":"2020-09-20T09:44:13","date_gmt":"2020-09-20T09:44:13","guid":{"rendered":"http:\/\/beta.mplogistics.com.vn\/?page_id=2"},"modified":"2021-04-05T16:39:52","modified_gmt":"2021-04-05T16:39:52","slug":"import-export-airfreight-services","status":"publish","type":"page","link":"http:\/\/mplogistics.com.vn\/vi\/import-export-airfreight-services\/","title":{"rendered":"D\u1ecbch v\u1ee5 V\u1eadn t\u1ea3i xu\u1ea5t nh\u1eadp kh\u1ea9u H\u00e0ng kh\u00f4ng"},"content":{"rendered":"<p><span style=\"font-weight: 400;\"><strong>M&amp;P LOGISTICS<\/strong> hi\u1ec3u r\u1eb1ng th\u1eddi gian l\u00e0 y\u1ebfu t\u1ed1 quan tr\u1ecdng \u0111\u1ed1i v\u1edbi c\u00e1c chuy\u1ebfn h\u00e0ng v\u00e0 h\u00e0ng h\u00f3a, \u0111i\u1ec1u n\u00e0y l\u00e0m cho v\u1eadn t\u1ea3i h\u00e0ng kh\u00f4ng tr\u1edf th\u00e0nh m\u1ed9t trong nh\u1eefng d\u1ecbch v\u1ee5 ch\u00ednh c\u1ee7a ch\u00fang t\u00f4i \u0111\u1ed1i v\u1edbi kh\u00e1ch h\u00e0ng. \u0110\u1ed9i ng\u0169 c\u1ee7a ch\u00fang t\u00f4i cam k\u1ebft x\u1eed l\u00fd m\u1ecdi \u0111\u01a1n h\u00e0ng v\u1eadn chuy\u1ec3n b\u1eb1ng c\u00e1ch theo d\u00f5i chi ti\u1ebft t\u1eebng giai \u0111o\u1ea1n trong su\u1ed1t chu tr\u00ecnh x\u1eed l\u00fd. \u0110i\u1ec1u n\u00e0y \u0111\u1ea3m b\u1ea3o kh\u00e1ch h\u00e0ng c\u1ee7a ch\u00fang t\u00f4i s\u1ebd kh\u00f4ng ch\u1ec9 nh\u1eadn \u0111\u01b0\u1ee3c s\u1ea3n ph\u1ea9m k\u1ecbp th\u1eddi m\u00e0 c\u00f2n \u0111\u01b0\u1ee3c giao h\u00e0ng t\u1eadn n\u01a1i.<\/span><\/p>\r\n<p><span style=\"font-weight: 400;\">V\u1edbi m\u1ea1ng l\u01b0\u1edbi \u0111\u1ea1i l\u00fd r\u1ed9ng kh\u1eafp \u1edf n\u01b0\u1edbc ngo\u00e0i v\u00e0 \u0111\u1ed9i ng\u0169 nh\u00e2n vi\u00ean gi\u00e0u kinh nghi\u1ec7m, ch\u00fang t\u00f4i c\u00f3 \u0111\u1ee7 n\u0103ng l\u1ef1c \u0111\u1ec3 x\u1eed l\u00fd t\u1ea5t c\u1ea3 c\u00e1c y\u00eau c\u1ea7u v\u1eadn t\u1ea3i h\u00e0ng kh\u00f4ng xu\u1ea5t \/ nh\u1eadp kh\u1ea9u c\u1ee7a b\u1ea1n m\u1ed9t c\u00e1ch nhanh ch\u00f3ng v\u00e0 hi\u1ec7u qu\u1ea3.<\/span><\/p>\r\n\r\n<p><b><i>C\u00e1c ho\u1ea1t \u0111\u1ed9ng v\u00e0 ch\u1ee9c n\u0103ng ch\u00ednh<\/i><\/b><\/p>\r\n\r\n\r\n\r\n<p><img loading=\"lazy\" src=\"https:\/\/lh4.googleusercontent.com\/dk_0ohd4QZTAtPNpXomDQdWtzWBeHWMPWQi3GBwL7UNyGcERd26X-hwyHrmgI2w5hAEdFf67WzrpQWRecmY529-y7hsIzs0InUEeiVY1pI0GHUQs1PO1gEXR0bgLC0zFpLf1TW4ygYzHlNnn0g\" width=\"32\" height=\"32\" \/> <span style=\"font-weight: 400;\">D\u1ecbch v\u1ee5 v\u1eadn chuy\u1ec3n To\u00e0n di\u1ec7n v\u00e0 Tr\u1ef1c ti\u1ebfp<\/span><\/p>\r\n\r\n\r\n\r\n<p><img loading=\"lazy\" src=\"https:\/\/lh4.googleusercontent.com\/dk_0ohd4QZTAtPNpXomDQdWtzWBeHWMPWQi3GBwL7UNyGcERd26X-hwyHrmgI2w5hAEdFf67WzrpQWRecmY529-y7hsIzs0InUEeiVY1pI0GHUQs1PO1gEXR0bgLC0zFpLf1TW4ygYzHlNnn0g\" width=\"32\" height=\"32\" \/> <span style=\"font-weight: 400;\">D\u1ecbch v\u1ee5 v\u1eadn chuy\u1ec3n t\u1eadn n\u01a1i<\/span><\/p>\r\n\r\n\r\n\r\n<p><img loading=\"lazy\" src=\"https:\/\/lh4.googleusercontent.com\/dk_0ohd4QZTAtPNpXomDQdWtzWBeHWMPWQi3GBwL7UNyGcERd26X-hwyHrmgI2w5hAEdFf67WzrpQWRecmY529-y7hsIzs0InUEeiVY1pI0GHUQs1PO1gEXR0bgLC0zFpLf1TW4ygYzHlNnn0g\" width=\"32\" height=\"32\" \/> <span style=\"font-weight: 400;\">Gi\u00e1 th\u00e0nh c\u1ea1nh tranh<\/span><\/p>\r\n\r\n\r\n\r\n<p><img loading=\"lazy\" src=\"https:\/\/lh4.googleusercontent.com\/dk_0ohd4QZTAtPNpXomDQdWtzWBeHWMPWQi3GBwL7UNyGcERd26X-hwyHrmgI2w5hAEdFf67WzrpQWRecmY529-y7hsIzs0InUEeiVY1pI0GHUQs1PO1gEXR0bgLC0zFpLf1TW4ygYzHlNnn0g\" width=\"32\" height=\"32\" \/>\u00a0 <span style=\"font-weight: 400;\">M\u1ea1ng l\u01b0\u1edbi \u0111\u1ea1i l\u00fd tr\u00ean to\u00e0n c\u1ea7u<\/span><\/p>","protected":false},"excerpt":{"rendered":"<p>M&amp;P LOGISTICS hi\u1ec3u r\u1eb1ng th\u1eddi gian l\u00e0 y\u1ebfu t\u1ed1 quan tr\u1ecdng \u0111\u1ed1i v\u1edbi c\u00e1c chuy\u1ebfn h\u00e0ng v\u00e0 h\u00e0ng h\u00f3a, \u0111i\u1ec1u n\u00e0y l\u00e0m cho v\u1eadn t\u1ea3i h\u00e0ng kh\u00f4ng tr\u1edf th\u00e0nh m\u1ed9t trong nh\u1eefng d\u1ecbch v\u1ee5 ch\u00ednh c\u1ee7a ch\u00fang t\u00f4i \u0111\u1ed1i v\u1edbi kh\u00e1ch h\u00e0ng. \u0110\u1ed9i ng\u0169 c\u1ee7a ch\u00fang t\u00f4i cam k\u1ebft x\u1eed l\u00fd m\u1ecdi \u0111\u01a1n h\u00e0ng v\u1eadn chuy\u1ec3n b\u1eb1ng c\u00e1ch theo d\u00f5i chi ti\u1ebft t\u1eebng giai \u0111o\u1ea1n trong su\u1ed1t chu tr\u00ecnh x\u1eed &hellip; <\/p>\n","protected":false},"author":1,"featured_media":2183,"parent":0,"menu_order":0,"comment_status":"closed","ping_status":"closed","template":"","meta":[],"_links":{"self":[{"href":"http:\/\/mplogistics.com.vn\/vi\/wp-json\/wp\/v2\/pages\/2"}],"collection":[{"href":"http:\/\/mplogistics.com.vn\/vi\/wp-json\/wp\/v2\/pages"}],"about":[{"href":"http:\/\/mplogistics.com.vn\/vi\/wp-json\/wp\/v2\/types\/page"}],"author":[{"embeddable":true,"href":"http:\/\/mplogistics.com.vn\/vi\/wp-json\/wp\/v2\/users\/1"}],"replies":[{"embeddable":true,"href":"http:\/\/mplogistics.com.vn\/vi\/wp-json\/wp\/v2\/comments?post=2"}],"version-history":[{"count":4,"href":"http:\/\/mplogistics.com.vn\/vi\/wp-json\/wp\/v2\/pages\/2\/revisions"}],"predecessor-version":[{"id":2357,"href":"http:\/\/mplogistics.com.vn\/vi\/wp-json\/wp\/v2\/pages\/2\/revisions\/2357"}],"wp:featuredmedia":[{"embeddable":true,"href":"http:\/\/mplogistics.com.vn\/vi\/wp-json\/wp\/v2\/media\/2183"}],"wp:attachment":[{"href":"http:\/\/mplogistics.com.vn\/vi\/wp-json\/wp\/v2\/media?parent=2"}],"curies":[{"name":"wp","href":"https:\/\/api.w.org\/{rel}","templated":true}]}}