{"id":2023,"date":"2020-09-28T06:17:34","date_gmt":"2020-09-28T06:17:34","guid":{"rendered":"http:\/\/beta.mplogistics.com.vn\/?page_id=2023"},"modified":"2021-04-05T15:38:12","modified_gmt":"2021-04-05T15:38:12","slug":"about-us","status":"publish","type":"page","link":"http:\/\/mplogistics.com.vn\/vi\/about-us\/","title":{"rendered":"V\u1ec1 ch\u00fang t\u00f4i"},"content":{"rendered":"<p><b>M &amp; P Logistics <\/b><span style=\"font-weight: 400;\">\u0111\u01b0\u1ee3c th\u00e0nh l\u1eadp v\u00e0o n\u0103m 2000 b\u1edfi m\u1ed9t \u0111\u1ed9i ng\u0169 g\u1ed3m nh\u1eefng ng\u01b0\u1eddi gi\u00e0u kinh nghi\u1ec7m chuy\u00ean v\u1ec1 ng\u00e0nh v\u1eadn t\u1ea3i v\u00e0 h\u1eadu c\u1ea7n. Ch\u00fang t\u00f4i cung c\u1ea5p m\u1ed9t lo\u1ea1t c\u00e1c d\u1ecbch v\u1ee5 h\u1eadu c\u1ea7n v\u1eadn chuy\u1ec3n h\u00e0ng h\u00f3a b\u1eb1ng \u0111\u01b0\u1eddng h\u00e0ng kh\u00f4ng \/ \u0111\u01b0\u1eddng bi\u1ec3n tr\u00ean kh\u1eafp th\u1ebf gi\u1edbi. V\u1edbi s\u1ef1 k\u1ebft h\u1ee3p c\u1ee7a c\u00e1c k\u1ef9 n\u0103ng \/ ki\u1ebfn <\/span><span style=\"font-weight: 400;\">\u200b\u200b<\/span><span style=\"font-weight: 400;\">th\u1ee9c chuy\u00ean m\u00f4n, ngu\u1ed3n nh\u00e2n l\u1ef1c v\u00e0 c\u00e1c gi\u1ea3i ph\u00e1p c\u00f4ng ngh\u1ec7 th\u00f4ng tin, ch\u00fang t\u00f4i \u0111\u1ea3m b\u1ea3o r\u1eb1ng h\u00e0ng h\u00f3a c\u1ee7a b\u1ea1n c\u00f3 th\u1ec3 \u0111\u01b0\u1ee3c v\u1eadn chuy\u1ec3n \u0111\u1ebfn c\u00e1c \u0111i\u1ec3m \u0111\u1ebfn tr\u00ean to\u00e0n th\u1ebf gi\u1edbi m\u1ed9t c\u00e1ch hi\u1ec7u qu\u1ea3, \u0111\u00fang h\u1ea1n v\u00e0 ph\u00f9 h\u1ee3p v\u1edbi ng\u00e2n s\u00e1ch c\u1ee7a b\u1ea1n.<\/span><\/p>\r\n<p><span style=\"font-weight: 400;\"><strong>M &amp; P Logistics<\/strong> l\u00e0 m\u1ed9t c\u00f4ng ty \u0111\u01b0\u1ee3c x\u00e2y d\u1ef1ng d\u1ef1a tr\u00ean vi\u1ec7c cung c\u1ea5p c\u00e1c d\u1ecbch v\u1ee5 linh ho\u1ea1t, ph\u00f9 h\u1ee3p v\u1edbi nhu c\u1ea7u c\u00e1 nh\u00e2n c\u1ee7a kh\u00e1ch h\u00e0ng.T\u00ednh chuy\u00ean nghi\u1ec7p, c\u00e1ch th\u1ee9c x\u1eed l\u00fd h\u00e0ng h\u00f3a t\u1ec9 m\u1ec9 v\u00e0 r\u00f5 rang l\u00e0 \u0111i\u1ec1u c\u1ed1t l\u00f5i trong ho\u1ea1t \u0111\u1ed9ng kinh doanh c\u1ee7a ch\u00fang t\u00f4i<\/span><\/p>\r\n<p><span style=\"font-weight: 400;\">Vi\u1ec7c th\u00e0nh l\u1eadp c\u00e1c \u0111\u1ea1i l\u00fd tr\u00ean to\u00e0n th\u1ebf gi\u1edbi gi\u00fap ch\u00fang t\u00f4i c\u00f3 th\u1ec3 ti\u1ebfp c\u1eadn c\u00e1c v\u0103n ph\u00f2ng v\u00e0 c\u1eeda h\u00e0ng ph\u00e2n ph\u1ed1i t\u1ea1i nhi\u1ec1u c\u1ea3ng v\u00e0 qu\u1ed1c gia \/ v\u00f9ng l\u00e3nh th\u1ed5 l\u1edbn.<\/span><\/p>\r\n<p><span style=\"font-weight: 400;\">Ch\u00fang t\u00f4i \u0111\u00e3 ph\u00e1t huy s\u1ee9c m\u1ea1nh c\u1ee7a m\u00ecnh trong nh\u1eefng n\u0103m qua, n\u00e2ng cao uy t\u00edn c\u1ee7a m\u00ecnh trong su\u1ed1t ch\u1eb7ng \u0111\u01b0\u1eddng v\u1edbi c\u00e1c \u0111\u1ed1i t\u00e1c kinh doanh v\u00e0 kh\u00e1ch h\u00e0ng. M &amp; P Logistics \u0111\u00e3 ph\u00e1t tri\u1ec3n t\u1eeb m\u1ed9t c\u00f4ng ty v\u1edbi 5 ng\u01b0\u1eddi \u0111\u1ebfn nay l\u00e0 h\u01a1n 50 nh\u00e2n vi\u00ean. Th\u00e0nh t\u00edch \u0111\u00f3 ch\u1ee7 y\u1ebfu nh\u1edd v\u00e0o ch\u1ea5t l\u01b0\u1ee3ng d\u1ecbch v\u1ee5 t\u1ed1t, s\u1ef1 hi\u1ec7u qu\u1ea3 trong chi ph\u00ed v\u1eadn chuy\u1ec3n v\u00e0 c\u00e1c gi\u1ea3i ph\u00e1p h\u1eadu c\u1ea7n \u0111\u1ed9c \u0111\u00e1o c\u1ee7a ch\u00fang t\u00f4i. T\u01b0\u01a1ng lai c\u1ee7a ch\u00fang t\u00f4i b\u1eaft ngu\u1ed3n t\u1eeb cam k\u1ebft to\u00e0n di\u1ec7n c\u1ee7a ch\u00fang t\u00f4i \u0111\u1ed1i v\u1edbi c\u00e1c th\u00e0nh vi\u00ean, \u0111\u1ed1i t\u00e1c v\u00e0 kh\u00e1ch h\u00e0ng.<\/span><\/p>\r\n<p><span style=\"font-weight: 400;\">B\u1eb1ng c\u00e1ch nh\u1eadn ra t\u1ea7m quan tr\u1ecdng c\u1ee7a m\u1ed1i quan h\u1ec7 gi\u1eefa ch\u00fang t\u00f4i v\u00e0 kh\u00e1ch h\u00e0ng, \u0111\u1ed9i ng\u0169 nh\u00e2n vi\u00ean c\u1ee7a ch\u00fang t\u00f4i \u0111\u01b0\u1ee3c \u0111\u00e0o t\u1ea1o chuy\u00ean s\u00e2u \u0111\u1ec3 cung c\u1ea5p c\u00e1c lo\u1ea1i d\u1ecbch v\u1ee5 m\u00e0 b\u1ea1n \u0111ang t\u00ecm ki\u1ebfm. Khi c\u00f3 nhu c\u1ea7u, ch\u1ec9 c\u1ea7n g\u1ecdi cho ch\u00fang t\u00f4i v\u00e0 n\u00eau ra y\u00eau c\u1ea7u c\u1ee7a b\u1ea1n. \u0110\u1ea1i di\u1ec7n d\u1ecbch v\u1ee5 kh\u00e1ch h\u00e0ng c\u1ee7a ch\u00fang t\u00f4i s\u1ebd r\u1ea5t vui khi \u0111\u01b0\u1ee3c ph\u1ee5c v\u1ee5 b\u1ea1n.<\/span><\/p>","protected":false},"excerpt":{"rendered":"<p>M &amp; P Logistics \u0111\u01b0\u1ee3c th\u00e0nh l\u1eadp v\u00e0o n\u0103m 2000 b\u1edfi m\u1ed9t \u0111\u1ed9i ng\u0169 g\u1ed3m nh\u1eefng ng\u01b0\u1eddi gi\u00e0u kinh nghi\u1ec7m chuy\u00ean v\u1ec1 ng\u00e0nh v\u1eadn t\u1ea3i v\u00e0 h\u1eadu c\u1ea7n. Ch\u00fang t\u00f4i cung c\u1ea5p m\u1ed9t lo\u1ea1t c\u00e1c d\u1ecbch v\u1ee5 h\u1eadu c\u1ea7n v\u1eadn chuy\u1ec3n h\u00e0ng h\u00f3a b\u1eb1ng \u0111\u01b0\u1eddng h\u00e0ng kh\u00f4ng \/ \u0111\u01b0\u1eddng bi\u1ec3n tr\u00ean kh\u1eafp th\u1ebf gi\u1edbi. V\u1edbi s\u1ef1 k\u1ebft h\u1ee3p c\u1ee7a c\u00e1c k\u1ef9 n\u0103ng \/ ki\u1ebfn \u200b\u200bth\u1ee9c chuy\u00ean m\u00f4n, ngu\u1ed3n nh\u00e2n l\u1ef1c &hellip; <\/p>\n","protected":false},"author":1,"featured_media":0,"parent":0,"menu_order":0,"comment_status":"closed","ping_status":"closed","template":"","meta":[],"_links":{"self":[{"href":"http:\/\/mplogistics.com.vn\/vi\/wp-json\/wp\/v2\/pages\/2023"}],"collection":[{"href":"http:\/\/mplogistics.com.vn\/vi\/wp-json\/wp\/v2\/pages"}],"about":[{"href":"http:\/\/mplogistics.com.vn\/vi\/wp-json\/wp\/v2\/types\/page"}],"author":[{"embeddable":true,"href":"http:\/\/mplogistics.com.vn\/vi\/wp-json\/wp\/v2\/users\/1"}],"replies":[{"embeddable":true,"href":"http:\/\/mplogistics.com.vn\/vi\/wp-json\/wp\/v2\/comments?post=2023"}],"version-history":[{"count":2,"href":"http:\/\/mplogistics.com.vn\/vi\/wp-json\/wp\/v2\/pages\/2023\/revisions"}],"predecessor-version":[{"id":2335,"href":"http:\/\/mplogistics.com.vn\/vi\/wp-json\/wp\/v2\/pages\/2023\/revisions\/2335"}],"wp:attachment":[{"href":"http:\/\/mplogistics.com.vn\/vi\/wp-json\/wp\/v2\/media?parent=2023"}],"curies":[{"name":"wp","href":"https:\/\/api.w.org\/{rel}","templated":true}]}}