{"id":2026,"date":"2020-09-28T06:19:36","date_gmt":"2020-09-28T06:19:36","guid":{"rendered":"http:\/\/beta.mplogistics.com.vn\/?page_id=2026"},"modified":"2021-04-05T15:40:07","modified_gmt":"2021-04-05T15:40:07","slug":"mission-vision","status":"publish","type":"page","link":"http:\/\/mplogistics.com.vn\/vi\/mission-vision\/","title":{"rendered":"S\u1ee9 m\u1ec7nh v\u00e0 T\u1ea7m nh\u00ecn"},"content":{"rendered":"<p><span style=\"font-weight: 400;\">M\u1ee5c ti\u00eau ch\u00ednh c\u1ee7a M &amp; P Logistics l\u00e0 cung c\u1ea5p cho kh\u00e1ch h\u00e0ng c\u00e1c gi\u1ea3i ph\u00e1p h\u1eadu c\u1ea7n li\u1ec1n m\u1ea1ch v\u00e0 hi\u1ec7u qu\u1ea3 v\u1ec1 chi ph\u00ed. B\u01b0\u1edbc sang th\u1ebf k\u1ef7 21, ch\u00fang t\u00f4i c\u1ed1 g\u1eafng ph\u00e1t tri\u1ec3n v\u00e0 m\u1edf r\u1ed9ng h\u01a1n n\u1eefa c\u00e1c d\u1ecbch v\u1ee5 c\u1ee7a m\u00ecnh \u0111\u1ec3 \u0111\u00e1p \u1ee9ng nhu c\u1ea7u v\u00e0 mong \u0111\u1ee3i lu\u00f4n thay \u0111\u1ed5i c\u1ee7a kh\u00e1ch h\u00e0ng tr\u00ean to\u00e0n c\u1ea7u.<\/span><\/p>\r\n<p><span style=\"font-weight: 400;\">Ch\u00fang t\u00f4i tu\u00e2n th\u1ee7 v\u00e0 th\u1ef1c h\u00e0nh nghi\u00eam ng\u1eb7t c\u00e1c \u0111i\u1ec3m c\u1ee5 th\u1ec3 sau \u0111\u00e2y v\u1ec1 \u0111\u1ea1o \u0111\u1ee9c l\u00e0m vi\u1ec7c \u0111\u1ec3 ho\u00e0n th\u00e0nh t\u1ed1t nh\u1ea5t s\u1ee9 m\u1ec7nh c\u1ee7a ch\u00fang t\u00f4i:<\/span><\/p>\r\n<ul>\r\n<li><span style=\"font-weight: 400;\"> T\u1eadn t\u00e2m v\u00e0 th\u1ea5u hi\u1ec3u nhu c\u1ea7u c\u1ee7a kh\u00e1ch h\u00e0ng<\/span><\/li>\r\n<li><span style=\"font-weight: 400;\"> X\u00e1c \u0111\u1ecbnh ch\u00ednh x\u00e1c v\u00e0 ph\u1ea3n h\u1ed3i nhanh ch\u00f3ng \u0111\u1ed1i v\u1edbi c\u00e1c v\u1ea5n \u0111\u1ec1 kh\u00e1ch h\u00e0ng \u0111\u01b0a ra<\/span><\/li>\r\n<li><span style=\"font-weight: 400;\"> C\u1ed1ng hi\u1ebfn \u0111\u1ec3 n\u00e2ng cao ch\u1ea5t l\u01b0\u1ee3ng d\u1ecbch v\u1ee5 th\u00f4ng qua vi\u1ec7c xem x\u00e9t v\u00e0 \u0111\u00e1nh gi\u00e1 c\u00f4ng vi\u1ec7c th\u01b0\u1eddng xuy\u00ean<\/span><\/li>\r\n<li><span style=\"font-weight: 400;\"> T\u1eadn t\u00e2m v\u1edbi s\u1ef1 ph\u00e1t tri\u1ec3n c\u1ee7a doanh nghi\u1ec7p v\u00e0 \u1ee7ng h\u1ed9 s\u1ef1 ph\u00e1t tri\u1ec3n ngh\u1ec1 nghi\u1ec7p c\u1ee7a nh\u00e2n vi\u00ean<\/span><\/li>\r\n<li><span style=\"font-weight: 400;\"> Kh\u00f4ng ng\u1eebng n\u00e2ng c\u1ea5p v\u00e0 c\u1ea3i ti\u1ebfn ki\u1ebfn th\u1ee9c, k\u1ef9 n\u0103ng chuy\u00ean m\u00f4n m\u1ed9t c\u00e1ch k\u1ecbp th\u1eddi v\u00e0 ch\u1ee7 \u0111\u1ed9ng<\/span><\/li>\r\n<\/ul>\r\n<p><span style=\"font-weight: 400;\">Ch\u00fang t\u00f4i \u0111\u1eb7t m\u1ee5c ti\u00eau tr\u1edf th\u00e0nh doanh nghi\u1ec7p v\u1eadn chuy\u1ec3n h\u00e0ng kh\u00f4ng v\u00e0 \u0111\u01b0\u1eddng bi\u1ec3n h\u00e0ng \u0111\u1ea7u Ch\u00e2u \u00c1, \u0111\u1ed3ng th\u1eddi cung c\u1ea5p c\u00e1c gi\u1ea3i ph\u00e1p h\u1eadu c\u1ea7n v\u01b0\u1ee3t tr\u1ed9i v\u00e0 \u0111\u00e1ng tin c\u1eady cho kh\u00e1ch h\u00e0ng. \u0110\u1ec3 \u0111\u1ea1t \u0111\u01b0\u1ee3c nh\u1eefng m\u1ee5c ti\u00eau n\u00e0y, ch\u00fang t\u00f4i ti\u1ebfp t\u1ee5c c\u1ea3i thi\u1ec7n v\u00e0 \u0111a d\u1ea1ng h\u00f3a c\u00e1c d\u1ecbch v\u1ee5 c\u1ee7a m\u00ecnh th\u00f4ng qua vi\u1ec7c li\u00ean t\u1ee5c n\u00e2ng cao c\u00e1c d\u1ecbch v\u1ee5 v\u00e0 hi\u1ec7u su\u1ea5t c\u00f4ng vi\u1ec7c c\u1ee7a ch\u00fang t\u00f4i.<\/span><\/p>\r\n<p><span style=\"font-weight: 400;\">\u0110\u1ec3 cung c\u1ea5p cho kh\u00e1ch h\u00e0ng c\u00e1c d\u1ecbch v\u1ee5 h\u1eadu c\u1ea7n ho\u00e0n ch\u1ec9nh v\u00e0 ph\u00f9 h\u1ee3p, ch\u00fang t\u00f4i t\u00f9y ch\u1ec9nh c\u00e1c d\u1ecbch v\u1ee5 gi\u00e1 tr\u1ecb gia t\u0103ng c\u1ee7a m\u00ecnh theo y\u00eau c\u1ea7u c\u00e1 nh\u00e2n v\u00e0 ph\u00f9 h\u1ee3p v\u1edbi ng\u00e2n s\u00e1ch c\u1ee7a b\u1ea1n, b\u1eb1ng c\u00e1ch t\u1eadp trung v\u00e0o nhu c\u1ea7u kinh doanh v\u00e0 h\u1eadu c\u1ea7n c\u1ee5 th\u1ec3 c\u1ee7a b\u1ea1n. V\u1edbi c\u00e1c ph\u01b0\u01a1ng ph\u00e1p ti\u1ebfp c\u1eadn d\u1ecbch v\u1ee5 \u0111\u1ed9c \u0111\u00e1o c\u1ee7a ch\u00fang t\u00f4i \u0111\u1ec3 l\u1eadp k\u1ebf ho\u1ea1ch v\u00e0 th\u1ef1c hi\u1ec7n c\u00e1c gi\u1ea3i ph\u00e1p h\u1eadu c\u1ea7n v\u1edbi gi\u00e1 th\u00e0nh h\u1ee3p l\u00fd, \u0111i\u1ec1u n\u00e0y ch\u1eafc ch\u1eafn s\u1ebd gi\u00fap doanh nghi\u1ec7p c\u1ee7a b\u1ea1n t\u0103ng th\u00eam l\u1ee3i th\u1ebf c\u1ea1nh tranh.<\/span><\/p>","protected":false},"excerpt":{"rendered":"<p>M\u1ee5c ti\u00eau ch\u00ednh c\u1ee7a M &amp; P Logistics l\u00e0 cung c\u1ea5p cho kh\u00e1ch h\u00e0ng c\u00e1c gi\u1ea3i ph\u00e1p h\u1eadu c\u1ea7n li\u1ec1n m\u1ea1ch v\u00e0 hi\u1ec7u qu\u1ea3 v\u1ec1 chi ph\u00ed. B\u01b0\u1edbc sang th\u1ebf k\u1ef7 21, ch\u00fang t\u00f4i c\u1ed1 g\u1eafng ph\u00e1t tri\u1ec3n v\u00e0 m\u1edf r\u1ed9ng h\u01a1n n\u1eefa c\u00e1c d\u1ecbch v\u1ee5 c\u1ee7a m\u00ecnh \u0111\u1ec3 \u0111\u00e1p \u1ee9ng nhu c\u1ea7u v\u00e0 mong \u0111\u1ee3i lu\u00f4n thay \u0111\u1ed5i c\u1ee7a kh\u00e1ch h\u00e0ng tr\u00ean to\u00e0n c\u1ea7u. Ch\u00fang t\u00f4i tu\u00e2n th\u1ee7 v\u00e0 &hellip; <\/p>\n","protected":false},"author":1,"featured_media":2195,"parent":0,"menu_order":0,"comment_status":"closed","ping_status":"closed","template":"","meta":[],"_links":{"self":[{"href":"http:\/\/mplogistics.com.vn\/vi\/wp-json\/wp\/v2\/pages\/2026"}],"collection":[{"href":"http:\/\/mplogistics.com.vn\/vi\/wp-json\/wp\/v2\/pages"}],"about":[{"href":"http:\/\/mplogistics.com.vn\/vi\/wp-json\/wp\/v2\/types\/page"}],"author":[{"embeddable":true,"href":"http:\/\/mplogistics.com.vn\/vi\/wp-json\/wp\/v2\/users\/1"}],"replies":[{"embeddable":true,"href":"http:\/\/mplogistics.com.vn\/vi\/wp-json\/wp\/v2\/comments?post=2026"}],"version-history":[{"count":2,"href":"http:\/\/mplogistics.com.vn\/vi\/wp-json\/wp\/v2\/pages\/2026\/revisions"}],"predecessor-version":[{"id":2336,"href":"http:\/\/mplogistics.com.vn\/vi\/wp-json\/wp\/v2\/pages\/2026\/revisions\/2336"}],"wp:featuredmedia":[{"embeddable":true,"href":"http:\/\/mplogistics.com.vn\/vi\/wp-json\/wp\/v2\/media\/2195"}],"wp:attachment":[{"href":"http:\/\/mplogistics.com.vn\/vi\/wp-json\/wp\/v2\/media?parent=2026"}],"curies":[{"name":"wp","href":"https:\/\/api.w.org\/{rel}","templated":true}]}}