{"id":22,"date":"2020-09-21T15:51:17","date_gmt":"2020-09-21T15:51:17","guid":{"rendered":"http:\/\/beta.mplogistics.com.vn\/?page_id=22"},"modified":"2021-04-05T16:25:03","modified_gmt":"2021-04-05T16:25:03","slug":"logistics-services","status":"publish","type":"page","link":"http:\/\/mplogistics.com.vn\/vi\/logistics-services\/","title":{"rendered":"D\u1ecbch v\u1ee5 H\u1eadu c\u1ea7n"},"content":{"rendered":"<p><span style=\"font-weight: 400;\"><strong>M &amp; P LOGISTICS<\/strong> cung c\u1ea5p c\u00e1c gi\u1ea3i ph\u00e1p h\u1eadu c\u1ea7n gi\u00e1 tr\u1ecb gia t\u0103ng c\u1ea1nh tranh cho c\u1ea3 kh\u00e1ch h\u00e0ng v\u00e0 \u0111\u1ed1i t\u00e1c c\u1ee7a ch\u00fang t\u00f4i. Ngo\u00e0i vi\u1ec7c cung c\u1ea5p c\u00e1c d\u1ecbch v\u1ee5 v\u1eadn t\u1ea3i \u0111\u01b0\u1eddng bi\u1ec3n v\u00e0 \u0111\u01b0\u1eddng h\u00e0ng kh\u00f4ng, ch\u00fang t\u00f4i c\u00f2n cung c\u1ea5p c\u00e1c d\u1ecbch v\u1ee5 theo d\u00f5i, l\u01b0u kho v\u00e0 c\u00e1c d\u1ecbch v\u1ee5 li\u00ean quan \u0111\u1ebfn giao nh\u1eadn h\u00e0ng h\u00f3a kh\u00e1c. S\u1ef1 t\u00edch h\u1ee3p \u0111\u1ed9c \u0111\u00e1o c\u1ee7a c\u00e1c d\u1ecbch v\u1ee5 \u0111\u01b0\u1eddng h\u00e0ng kh\u00f4ng, \u0111\u01b0\u1eddng bi\u1ec3n v\u00e0 v\u1eadn t\u1ea3i \u0111\u01b0\u1eddng b\u1ed9 cho ph\u00e9p ch\u00fang t\u00f4i \u0111\u00e1p \u1ee9ng nhu c\u1ea7u c\u00e1 nh\u00e2n c\u1ee7a kh\u00e1ch h\u00e0ng.<\/span><\/p>\r\n\r\n\r\n\r\n<ul>\r\n<li><b>T\u1ed1i \u01b0u h\u00f3a chu\u1ed7i cung \u1ee9ng<\/b> <span style=\"font-weight: 400;\">: Ch\u1ea9n \u0111o\u00e1n chu\u1ed7i cung \u1ee9ng to\u00e0n di\u1ec7n<\/span><\/li>\r\n<li><strong><b>B\u1ea3ng theo d\u00f5i chu\u1ed7i cung \u1ee9ng<\/b> <span style=\"font-weight: 400;\">: Li\u00ean t\u1ee5c \u0111\u00e1nh gi\u00e1 ch\u1ea5t l\u01b0\u1ee3ng<\/span><\/strong><\/li>\r\n<li style=\"font-weight: 400;\" aria-level=\"1\"><b>Ho\u00e3n chu\u1ed7i cung \u1ee9ng<\/b> <span style=\"font-weight: 400;\">: Cung c\u1ea5p c\u00e1c \u0111i\u1ec3m b\u1ed1c d\u1ee1 h\u00e0ng h\u00f3a<\/span><\/li>\r\n<li><b>Qu\u1ea3n l\u00fd h\u00e0ng h\u00f3a<\/b> <span style=\"font-weight: 400;\">: Li\u00ean t\u1ee5c b\u1ed5 sung ph\u01b0\u01a1ng ph\u00e1p qu\u1ea3n l\u00fd<\/span><\/li>\r\n<li style=\"font-weight: 400;\" aria-level=\"1\"><b>Nh\u00e0 cung c\u1ea5p d\u1ecbch v\u1ee5 h\u1eadu c\u1ea7n h\u00e0ng \u0111\u1ea7u<\/b> <span style=\"font-weight: 400;\">: \u0110i\u1ec1u h\u00f2a chu\u1ed7i cung \u1ee9ng<\/span><\/li>\r\n<li><b>H\u01b0\u1edbng t\u1edbi th\u1ecb tr\u01b0\u1eddng<\/b> <span style=\"font-weight: 400;\">: \u0110i\u1ec1u ph\u1ed1i h\u00e0ng h\u00f3a t\u1ed1i \u01b0u v\u00e0 hi\u1ec7u qu\u1ea3 v\u1ec1 chi ph\u00ed<\/span><\/li>\r\n<li><b>H\u1ee3p nh\u1ea5t v\u1edbi ng\u01b0\u1eddi mua<\/b> <span style=\"font-weight: 400;\">: Qu\u1ea3n l\u00fd \u0111\u01a1n h\u00e0ng<\/span><\/li>\r\n<li><b>H\u01b0\u1edbng t\u1edbi s\u1ea3n xu\u1ea5t<\/b> <span style=\"font-weight: 400;\">: H\u1ec7 th\u1ed1ng qu\u1ea3n l\u00fd h\u00e0ng h\u00f3a to\u00e0n di\u1ec7n<\/span><\/li>\r\n<\/ul>","protected":false},"excerpt":{"rendered":"<p>M &amp; P LOGISTICS cung c\u1ea5p c\u00e1c gi\u1ea3i ph\u00e1p h\u1eadu c\u1ea7n gi\u00e1 tr\u1ecb gia t\u0103ng c\u1ea1nh tranh cho c\u1ea3 kh\u00e1ch h\u00e0ng v\u00e0 \u0111\u1ed1i t\u00e1c c\u1ee7a ch\u00fang t\u00f4i. Ngo\u00e0i vi\u1ec7c cung c\u1ea5p c\u00e1c d\u1ecbch v\u1ee5 v\u1eadn t\u1ea3i \u0111\u01b0\u1eddng bi\u1ec3n v\u00e0 \u0111\u01b0\u1eddng h\u00e0ng kh\u00f4ng, ch\u00fang t\u00f4i c\u00f2n cung c\u1ea5p c\u00e1c d\u1ecbch v\u1ee5 theo d\u00f5i, l\u01b0u kho v\u00e0 c\u00e1c d\u1ecbch v\u1ee5 li\u00ean quan \u0111\u1ebfn giao nh\u1eadn h\u00e0ng h\u00f3a kh\u00e1c. S\u1ef1 t\u00edch h\u1ee3p \u0111\u1ed9c &hellip; <\/p>\n","protected":false},"author":1,"featured_media":2194,"parent":0,"menu_order":0,"comment_status":"closed","ping_status":"closed","template":"","meta":[],"_links":{"self":[{"href":"http:\/\/mplogistics.com.vn\/vi\/wp-json\/wp\/v2\/pages\/22"}],"collection":[{"href":"http:\/\/mplogistics.com.vn\/vi\/wp-json\/wp\/v2\/pages"}],"about":[{"href":"http:\/\/mplogistics.com.vn\/vi\/wp-json\/wp\/v2\/types\/page"}],"author":[{"embeddable":true,"href":"http:\/\/mplogistics.com.vn\/vi\/wp-json\/wp\/v2\/users\/1"}],"replies":[{"embeddable":true,"href":"http:\/\/mplogistics.com.vn\/vi\/wp-json\/wp\/v2\/comments?post=22"}],"version-history":[{"count":5,"href":"http:\/\/mplogistics.com.vn\/vi\/wp-json\/wp\/v2\/pages\/22\/revisions"}],"predecessor-version":[{"id":2350,"href":"http:\/\/mplogistics.com.vn\/vi\/wp-json\/wp\/v2\/pages\/22\/revisions\/2350"}],"wp:featuredmedia":[{"embeddable":true,"href":"http:\/\/mplogistics.com.vn\/vi\/wp-json\/wp\/v2\/media\/2194"}],"wp:attachment":[{"href":"http:\/\/mplogistics.com.vn\/vi\/wp-json\/wp\/v2\/media?parent=22"}],"curies":[{"name":"wp","href":"https:\/\/api.w.org\/{rel}","templated":true}]}}