{"id":24,"date":"2020-09-21T15:52:09","date_gmt":"2020-09-21T15:52:09","guid":{"rendered":"http:\/\/beta.mplogistics.com.vn\/?page_id=24"},"modified":"2021-04-05T16:36:05","modified_gmt":"2021-04-05T16:36:05","slug":"consolidation-services","status":"publish","type":"page","link":"http:\/\/mplogistics.com.vn\/vi\/consolidation-services\/","title":{"rendered":"D\u1ecbch v\u1ee5 Gom h\u00e0ng"},"content":{"rendered":"<p><b>D\u1ecbch v\u1ee5 gom h\u00e0ng gi\u00fap t\u0103ng hi\u1ec7u qu\u1ea3, gi\u1ea3m chi ph\u00ed<\/b><\/p>\r\n\r\n\r\n\r\n<p><span style=\"font-weight: 400;\">D\u1ecbch v\u1ee5 h\u1ee3p nh\u1ea5t c\u1ee7a <strong>M &amp; P Logistics<\/strong> gi\u00fap v\u1eadn chuy\u1ec3n h\u00e0ng h\u00f3a \u0111\u00f3ng trong container c\u1ee7a b\u1ea1n hi\u1ec7u qu\u1ea3 v\u00e0 kh\u00f4ng b\u1ecb h\u01b0 h\u1ecfng. D\u1ecbch v\u1ee5 c\u1ee7a ch\u00fang t\u00f4i gi\u00fap b\u1ea1n ti\u1ebft ki\u1ec7m chi ph\u00ed \u0111\u1ed3ng th\u1eddi gi\u00fap b\u1ea1n ki\u1ec3m so\u00e1t t\u1ed1t h\u01a1n ho\u1ea1t \u0111\u1ed9ng v\u1eadn chuy\u1ec3n c\u1ee7a m\u00ecnh.<\/span><\/p>\r\n<p><span style=\"font-weight: 400;\">Khi c\u00e1c nh\u00e0 cung c\u1ea5p c\u1ee7a b\u1ea1n giao h\u00e0ng v\u1edbi s\u1ed1 l\u01b0\u1ee3ng \u00edt h\u01a1n 1 container (LCL), ch\u00fang t\u00f4i s\u1ebd t\u1ed5ng h\u1ee3p c\u00e1c \u0111\u01a1n h\u00e0ng n\u00e0y th\u00e0nh c\u00e1c t\u1ea3i container \u0111\u1ea7y \u0111\u1ee7. Ch\u00fang t\u00f4i \u0111i\u1ec1u ph\u1ed1i v\u00e0 t\u1ea3i c\u00e1c l\u00f4 h\u00e0ng c\u1ee7a nh\u00e0 cung c\u1ea5p theo \u0111\u00fang h\u01b0\u1edbng d\u1eabn v\u00e0 ch\u1ec9 d\u1eabn c\u1ee7a b\u1ea1n. Th\u00f4ng qua vi\u1ec7c s\u1eed d\u1ee5ng t\u1ed1i \u0111a kh\u00f4ng gian container, ch\u00fang t\u00f4i th\u1ef1c s\u1ef1 c\u00f3 th\u1ec3 gi\u1ea3m s\u1ed1 l\u01b0\u1ee3ng container b\u1ea1n v\u1eadn chuy\u1ec3n. \u0110i\u1ec1u n\u00e0y l\u00e0m gi\u1ea3m chi ph\u00ed v\u1eadn t\u1ea3i \u0111\u01b0\u1eddng bi\u1ec3n, v\u1eadn t\u1ea3i \u0111\u01b0\u1eddng b\u1ed9 v\u00e0 chi ph\u00ed h\u00e0nh ch\u00ednh c\u1ee7a b\u1ea1n.<\/span><\/p>\r\n\r\n<p><b>C\u00e1c d\u1ecbch v\u1ee5 gom h\u00e0ng ho\u00e0n ch\u1ec9nh, ch\u1ea5t l\u01b0\u1ee3ng cao c\u1ee7a ch\u00fang t\u00f4i bao g\u1ed3m:<\/b><\/p>\r\n\r\n\r\n\r\n<ul>\r\n<li><span style=\"font-weight: 400;\">Ph\u1ed1i h\u1ee3p v\u1edbi c\u00e1c nh\u00e0 cung c\u1ea5p trong vi\u1ec7c cung c\u1ea5p h\u00e0ng h\u00f3a v\u00e0 t\u00e0i li\u1ec7u<\/span><\/li>\r\n<li><span style=\"font-weight: 400;\">Ki\u1ec3m tra c\u00e1c th\u00f9ng carton \u0111\u1ebfn \u0111\u1ec3 \u0111\u1ea3m b\u1ea3o t\u00ecnh tr\u1ea1ng th\u00edch h\u1ee3p cho vi\u1ec7c v\u1eadn chuy\u1ec3n<\/span><\/li>\r\n<li><span style=\"font-weight: 400;\">S\u1eafp x\u1ebfp h\u00e0ng h\u00f3a trong container \u0111\u1ec3 t\u1ed1i \u0111a h\u00f3a h\u1ec7 s\u1ed1 t\u1ea3i<\/span><\/li>\r\n<li><span style=\"font-weight: 400;\">\u0110\u1eb7t ch\u1ed7 v\u1edbi c\u00e1c h\u00e3ng v\u1eadn chuy\u1ec3n \u0111\u01b0\u1eddng bi\u1ec3n \u0111\u01b0\u1ee3c ch\u1ec9 \u0111\u1ecbnh c\u1ee7a b\u1ea1n trong s\u1ed1 nh\u1eefng h\u00e3ng \u0111\u01b0\u1ee3c l\u1ef1a ch\u1ecdn b\u1edfi \u0111\u1ed9i ng\u0169 nh\u00e2n vi\u00ean gi\u00e0u kinh nghi\u1ec7m<\/span><\/li>\r\n<li><span style=\"font-weight: 400;\">Ph\u1ed1i h\u1ee3p v\u1edbi c\u00e1c nh\u00e0 v\u1eadn chuy\u1ec3n trong vi\u1ec7c tr\u1ea3 v\u00e0 nh\u1eadn container<\/span><\/li>\r\n<\/ul>\r\n\r\n\r\n\r\n<p><b>X\u1eed l\u00fd t\u00e0i li\u1ec7u hi\u1ec7u qu\u1ea3 gi\u00fap h\u00e0ng h\u00f3a lu\u00f4n di chuy\u1ec3n<\/b><\/p>\r\n<p><span style=\"font-weight: 400;\">C\u00e1c chuy\u00ean gia gi\u00e0u c\u1ee7a M &amp; P Logistics r\u1ea5t gi\u00e0u kinh nghi\u1ec7m trong vi\u1ec7c thu th\u1eadp v\u00e0 \u0111i\u1ec1u ph\u1ed1i c\u00e1c t\u00e0i li\u1ec7u c\u1ea7n thi\u1ebft li\u00ean quan \u0111\u1ebfn l\u00f4 h\u00e0ng. Ch\u00fang t\u00f4i cung c\u1ea5p cho b\u1ea1n nh\u1eefng t\u00e0i li\u1ec7u n\u00e0y v\u00e0 th\u00f4ng tin li\u00ean quan th\u00f4ng qua d\u1ecbch v\u1ee5 chuy\u1ec3n ph\u00e1t nhanh, truy c\u1eadp th\u00f4ng tin tr\u1ef1c tuy\u1ebfn ho\u1eb7c truy\u1ec1n tin \u0111i\u1ec7n t\u1eed.<\/span><\/p>\r\n<p><span style=\"font-weight: 400;\">D\u1ecbch v\u1ee5 x\u1eed l\u00fd t\u00e0i li\u1ec7u c\u1ee7a ch\u00fang t\u00f4i h\u1ed7 tr\u1ee3 \u0111\u1ea7y \u0111\u1ee7 nhu c\u1ea7u x\u1eed l\u00fd t\u00e0i li\u1ec7u c\u1ee7a b\u1ea1n th\u00f4ng qua:<\/span><b><\/b><\/p>\r\n<ul>\r\n<li><span style=\"font-weight: 400;\"> Bi\u00ean nh\u1eadn \u0111\u01a1n \u0111\u1eb7t h\u00e0ng c\u1ee7a b\u1ea1n, b\u1eb1ng \u0111i\u1ec7n t\u1eed ho\u1eb7c b\u1eb1ng fax<\/span><\/li>\r\n<li><span style=\"font-weight: 400;\"> L\u1eadp v\u00e0 h\u1ee3p nh\u1ea5t v\u1eadn \u0111\u01a1n<\/span><\/li>\r\n<li><span style=\"font-weight: 400;\"> Thu th\u1eadp t\u1ea5t c\u1ea3 c\u00e1c ch\u1ee9ng t\u1eeb th\u01b0\u01a1ng m\u1ea1i<\/span><\/li>\r\n<li><span style=\"font-weight: 400;\"> Ph\u00e1t h\u00e0nh Bi\u00ean lai h\u00e0ng h\u00f3a M &amp; P Logistics Forwarders (c\u00e1c nh\u00e0 cung c\u1ea5p c\u00f3 th\u1ec3 th\u01b0\u01a1ng l\u01b0\u1ee3ng c\u00e1c kho\u1ea3n thanh to\u00e1n c\u1ee7a h\u1ecd th\u00f4ng qua c\u00e1c k\u00eanh \u0111\u00e3 ch\u1ecdn v\u1edbi M &amp; P Logistics FCR, do \u0111\u00f3 lo\u1ea1i b\u1ecf chi ph\u00ed ph\u00e1t sinh do s\u1ef1 ch\u1eadm tr\u1ec5 trong giao h\u00e0ng)<\/span><\/li>\r\n<li><span style=\"font-weight: 400;\"> T\u01b0 v\u1ea5n tr\u01b0\u1edbc v\u00e0 sau khi giao h\u00e0ng<\/span><\/li>\r\n<li><span style=\"font-weight: 400;\"> Chuy\u1ec3n ti\u1ebfp ch\u1ee9ng t\u1eeb v\u1eadn chuy\u1ec3n cho c\u00e1c nh\u00e0 m\u00f4i gi\u1edbi v\u00e0 kh\u00e1ch h\u00e0ng<\/span><\/li>\r\n<\/ul>\r\n\r\n\r\n\r\n<p><b>C\u00e1c t\u00ednh n\u0103ng ch\u00ednh trong d\u1ecbch v\u1ee5 gom h\u00e0ng c\u1ee7a ch\u00fang t\u00f4i:<\/b><\/p>\r\n\r\n\r\n\r\n<ul>\r\n<li><span style=\"font-weight: 400;\"> S\u1eed d\u1ee5ng t\u1ed1i \u0111a kh\u00f4ng gian container<\/span><\/li>\r\n<li><span style=\"font-weight: 400;\"> X\u1ebfp v\u00e0 v\u1eadn chuy\u1ec3n container theo k\u1ebf ho\u1ea1ch v\u00e0 th\u00f4ng s\u1ed1 k\u1ef9 thu\u1eadt c\u1ee7a b\u1ea1n<\/span><\/li>\r\n<li><span style=\"font-weight: 400;\"> Ki\u1ec3m so\u00e1t h\u00e0ng h\u00f3a m\u1ed9t c\u1eeda hi\u1ec7u qu\u1ea3 t\u1eeb vi\u1ec7c nh\u1eadn h\u00e0ng c\u1ee7a nh\u00e0 cung c\u1ea5p \u0111\u1ebfn v\u1ecb tr\u00ed c\u1ea3ng \u0111\u00edch<\/span><\/li>\r\n<li><span style=\"font-weight: 400;\"> Vi\u1ec7c thu th\u1eadp v\u00e0 ph\u00e2n ph\u1ed1i t\u00e0i li\u1ec7u \u0111\u01b0\u1ee3c th\u1ef1c hi\u1ec7n \u0111\u1ea7y \u0111\u1ee7<\/span><\/li>\r\n<li><span style=\"font-weight: 400;\"> \u0110\u1eb7t ch\u1ed7 v\u1edbi nh\u00e0 cung c\u1ea5p d\u1ecbch v\u1ee5 m\u00e0 b\u1ea1n ch\u1ecdn<\/span><\/li>\r\n<li><span style=\"font-weight: 400;\"> Ph\u1ea3n h\u1ed3i k\u1ecbp th\u1eddi c\u00e1c h\u01b0\u1edbng d\u1eabn v\u00e0 thay \u0111\u1ed5i li\u00ean quan \u0111\u1ebfn l\u00f4 h\u00e0ng<\/span><\/li>\r\n<li><span style=\"font-weight: 400;\"> H\u1ec7 th\u1ed1ng th\u00f4ng tin d\u1ec5 s\u1eed d\u1ee5ng, d\u1ec5 ti\u1ebfp c\u1eadn<\/span><\/li>\r\n<\/ul>\r\n\r\n\r\n\r\n<p><b>L\u1ee3i \u00edch cho b\u1ea1n<\/b><\/p>\r\n\r\n\r\n\r\n<ul>\r\n<li><span style=\"font-weight: 400;\"> Gi\u1ea3m chi ph\u00ed v\u1eadn t\u1ea3i h\u00e0ng h\u00f3a, v\u1eadn t\u1ea3i \u0111\u01b0\u1eddng b\u1ed9, t\u00e0i li\u1ec7u v\u00e0 th\u00f4ng quan<\/span><\/li>\r\n<li><span style=\"font-weight: 400;\"> Gi\u1ea3m chi ph\u00ed h\u00e0nh ch\u00ednh v\u00e0 chi ph\u00ed x\u1eed l\u00fd th\u00f4ng tin<\/span><\/li>\r\n<li><span style=\"font-weight: 400;\"> C\u1ea3i thi\u1ec7n vi\u1ec7c \u0111i\u1ec1u ph\u1ed1i v\u00e0 ki\u1ec3m so\u00e1t c\u00e1c l\u00f4 h\u00e0ng c\u1ee7a nh\u00e0 cung c\u1ea5p t\u1ea1i ngu\u1ed3n\u00a0<\/span><\/li>\r\n<li><span style=\"font-weight: 400;\"> Ho\u1ea1t \u0111\u1ed9ng t\u1eadp trung v\u00e0 gi\u1ea3i tr\u00ecnh chi ti\u1ebft<\/span><\/li>\r\n<li><span style=\"font-weight: 400;\"> Ho\u00e0n to\u00e0n linh ho\u1ea1t trong vi\u1ec7c l\u1ef1a ch\u1ecdn nh\u00e0 v\u1eadn chuy\u1ec3n, nh\u00e0 m\u00f4i gi\u1edbi v\u00e0 c\u00f4ng ty v\u1eadn t\u1ea3i \u0111\u01b0\u1eddng b\u1ed9<\/span><\/li>\r\n<li><span style=\"font-weight: 400;\"> Tr\u00e1nh ch\u1eadm tr\u1ec5 giao h\u00e0ng v\u00e0 gi\u1ea3m chi ph\u00ed li\u00ean quan<\/span><\/li>\r\n<li><span style=\"font-weight: 400;\"> C\u1ea3i thi\u1ec7n vi\u1ec7c l\u1eadp k\u1ebf ho\u1ea1ch th\u00f4ng qua kh\u1ea3 n\u0103ng truy c\u1eadp v\u00e0o h\u1ec7 th\u1ed1ng th\u00f4ng tin li\u00ean quan \u0111\u1ebfn l\u00f4 h\u00e0ng<\/span><\/li>\r\n<\/ul>","protected":false},"excerpt":{"rendered":"<p>D\u1ecbch v\u1ee5 gom h\u00e0ng gi\u00fap t\u0103ng hi\u1ec7u qu\u1ea3, gi\u1ea3m chi ph\u00ed D\u1ecbch v\u1ee5 h\u1ee3p nh\u1ea5t c\u1ee7a M &amp; P Logistics gi\u00fap v\u1eadn chuy\u1ec3n h\u00e0ng h\u00f3a \u0111\u00f3ng trong container c\u1ee7a b\u1ea1n hi\u1ec7u qu\u1ea3 v\u00e0 kh\u00f4ng b\u1ecb h\u01b0 h\u1ecfng. D\u1ecbch v\u1ee5 c\u1ee7a ch\u00fang t\u00f4i gi\u00fap b\u1ea1n ti\u1ebft ki\u1ec7m chi ph\u00ed \u0111\u1ed3ng th\u1eddi gi\u00fap b\u1ea1n ki\u1ec3m so\u00e1t t\u1ed1t h\u01a1n ho\u1ea1t \u0111\u1ed9ng v\u1eadn chuy\u1ec3n c\u1ee7a m\u00ecnh. Khi c\u00e1c nh\u00e0 cung c\u1ea5p c\u1ee7a b\u1ea1n giao &hellip; <\/p>\n","protected":false},"author":1,"featured_media":1987,"parent":0,"menu_order":0,"comment_status":"closed","ping_status":"closed","template":"","meta":[],"_links":{"self":[{"href":"http:\/\/mplogistics.com.vn\/vi\/wp-json\/wp\/v2\/pages\/24"}],"collection":[{"href":"http:\/\/mplogistics.com.vn\/vi\/wp-json\/wp\/v2\/pages"}],"about":[{"href":"http:\/\/mplogistics.com.vn\/vi\/wp-json\/wp\/v2\/types\/page"}],"author":[{"embeddable":true,"href":"http:\/\/mplogistics.com.vn\/vi\/wp-json\/wp\/v2\/users\/1"}],"replies":[{"embeddable":true,"href":"http:\/\/mplogistics.com.vn\/vi\/wp-json\/wp\/v2\/comments?post=24"}],"version-history":[{"count":3,"href":"http:\/\/mplogistics.com.vn\/vi\/wp-json\/wp\/v2\/pages\/24\/revisions"}],"predecessor-version":[{"id":2355,"href":"http:\/\/mplogistics.com.vn\/vi\/wp-json\/wp\/v2\/pages\/24\/revisions\/2355"}],"wp:featuredmedia":[{"embeddable":true,"href":"http:\/\/mplogistics.com.vn\/vi\/wp-json\/wp\/v2\/media\/1987"}],"wp:attachment":[{"href":"http:\/\/mplogistics.com.vn\/vi\/wp-json\/wp\/v2\/media?parent=24"}],"curies":[{"name":"wp","href":"https:\/\/api.w.org\/{rel}","templated":true}]}}