{"id":26,"date":"2020-09-21T15:52:32","date_gmt":"2020-09-21T15:52:32","guid":{"rendered":"http:\/\/beta.mplogistics.com.vn\/?page_id=26"},"modified":"2021-04-05T16:30:34","modified_gmt":"2021-04-05T16:30:34","slug":"value-added-services","status":"publish","type":"page","link":"http:\/\/mplogistics.com.vn\/vi\/value-added-services\/","title":{"rendered":"D\u1ecbch v\u1ee5 Gi\u00e1 tr\u1ecb gia t\u0103ng"},"content":{"rendered":"<p><b>Gi\u1ea3m chi ph\u00ed x\u1eed l\u00fd v\u00e0 chi ph\u00ed h\u00e0nh ch\u00ednh<\/b><\/p>\r\n\r\n\r\n\r\n<p><span style=\"font-weight: 400;\">C\u00e1c d\u1ecbch v\u1ee5 gi\u00e1 tr\u1ecb gia t\u0103ng c\u1ee7a <strong>M&amp;P Logistics<\/strong> gi\u00fap cho vi\u1ec7c ph\u00e2n ph\u1ed1i s\u1ea3n ph\u1ea9m c\u1ee7a b\u1ea1n hi\u1ec7u qu\u1ea3 h\u01a1n v\u00e0 \u00edt t\u1ed1n k\u00e9m h\u01a1n. C\u00e1c d\u1ecbch v\u1ee5 \u0111a d\u1ea1ng c\u1ee7a ch\u00fang t\u00f4i gia t\u0103ng gi\u00e1 tr\u1ecb b\u1eb1ng c\u00e1ch gi\u1ea3m ph\u00ed x\u1ebfp d\u1ee1 cao v\u00e0 cung c\u1ea5p c\u00e1c ch\u01b0\u01a1ng tr\u00ecnh x\u1ebfp h\u1ea1ng h\u00e0ng h\u00f3a c\u00f3 th\u1ec3 gi\u00fap b\u1ea1n ti\u1ebft ki\u1ec7m th\u1eddi gian v\u00e0 ti\u1ec1n b\u1ea1c.<\/span><\/p>\r\n\r\n\r\n\r\n<p><b>T\u00f9y ch\u1ec9nh vi\u1ec7c t\u1ea3i h\u00e0ng v\u00e0 ph\u00e2n ph\u1ed1i<\/b><\/p>\r\n<p><span style=\"font-weight: 400;\">D\u1ecbch v\u1ee5 x\u1eed l\u00fd h\u00e0ng h\u00f3a tr\u01b0\u1edbc khi ph\u00e2n ph\u1ed1i hi\u1ec7u qu\u1ea3 v\u1ec1 chi ph\u00ed c\u1ee7a ch\u00fang t\u00f4i gi\u00fap c\u00e1c l\u00f4 h\u00e0ng c\u1ee7a b\u1ea1n \u0111\u01b0\u1ee3c chu\u1ea9n b\u1ecb s\u1eb5n s\u00e0ng cho qu\u00e1 tr\u00ecnh v\u1eadn chuy\u1ec3n. Sau khi ch\u00fang t\u00f4i nh\u1eadn h\u00e0ng t\u1eeb nh\u00e0 cung c\u1ea5p c\u1ee7a b\u1ea1n, ch\u00fang t\u00f4i s\u1ebd ph\u00e2n lo\u1ea1i, t\u00e1ch ri\u00eang v\u00e0 s\u1eafp x\u1ebfp nh\u1eefng h\u00e0ng h\u00f3a n\u00e0y v\u00e0o container \u0111\u1ea7y \u0111\u1ee7 t\u00f9y theo \u0111i\u1ec3m \u0111\u1ebfn, trung t\u00e2m ph\u00e2n ph\u1ed1i ho\u1eb7c y\u00eau c\u1ea7u giao h\u00e0ng l\u1ebb c\u1ee7a b\u1ea1n. C\u00e1c l\u00f4 h\u00e0ng c\u1ee7a b\u1ea1n sau \u0111\u00f3 c\u00f3 th\u1ec3 b\u1ecf qua c\u00e1c \u0111\u1ecba \u0111i\u1ec3m ph\u00e2n ph\u1ed1i trung gian, lo\u1ea1i b\u1ecf vi\u1ec7c x\u1eed l\u00fd l\u1ea1i t\u1ed1n k\u00e9m v\u00e0 m\u1ea5t th\u1eddi gian.<\/span><\/p>\r\n\r\n\r\n\r\n<p><b>D\u1ecbch v\u1ee5 x\u1eed l\u00fd h\u00e0ng h\u00f3a gi\u00fap C\u1ea3i thi\u1ec7n hi\u1ec7u qu\u1ea3<\/b><\/p>\r\n<p><span style=\"font-weight: 400;\">Th\u00f4ng qua c\u01a1 s\u1edf v\u1eadt ch\u1ea5t hi\u1ec7n \u0111\u1ea1i c\u1ee7a m\u00ecnh, M &amp; P Logistics cung c\u1ea5p \u0111\u1ea7y \u0111\u1ee7 c\u00e1c d\u1ecbch v\u1ee5 \u0111\u00e1p \u1ee9ng nhu c\u1ea7u x\u1eed l\u00fd h\u00e0ng h\u00f3a l\u01b0u kho c\u1ee7a b\u1ea1n. C\u00e1c d\u1ecbch v\u1ee5 n\u00e0y mang l\u1ea1i hi\u1ec7u qu\u1ea3 v\u00e0 ti\u1ebft ki\u1ec7m chi ph\u00ed cho vi\u1ec7c qu\u1ea3n l\u00fd h\u00e0ng t\u1ed3n kho. C\u00e1c d\u1ecbch v\u1ee5 gi\u00e1 tr\u1ecb gia t\u0103ng c\u1ee7a ch\u00fang t\u00f4i bao g\u1ed3m:<\/span><\/p>\r\n\r\n\r\n\r\n<ul>\r\n<li><span style=\"font-weight: 400;\"> \u0110\u00f3ng g\u00f3i l\u1ea1i<\/span><\/li>\r\n<li><span style=\"font-weight: 400;\"> Ch\u1ecdn v\u00e0 \u0111\u00f3ng g\u00f3i<\/span><\/li>\r\n<li><span style=\"font-weight: 400;\"> Qu\u00e9t m\u00e3 v\u1ea1ch<\/span><\/li>\r\n<li><span style=\"font-weight: 400;\"> G\u1eafn th\u1ebb h\u00e0ng h\u00f3a<\/span><\/li>\r\n<li><span style=\"font-weight: 400;\"> Ki\u1ec3m tra th\u00f9ng carton<\/span><\/li>\r\n<li><span style=\"font-weight: 400;\"> T\u1ea1o nh\u00e3n<\/span><\/li>\r\n<li><span style=\"font-weight: 400;\"> Thu h\u1eb9p \u0111\u00f3ng g\u00f3i<\/span><\/li>\r\n<li><span style=\"font-weight: 400;\"> S\u1eed d\u1ee5ng t\u1ea5m tr\u01b0\u1ee3t<\/span><\/li>\r\n<li>\u00a0<\/li>\r\n<\/ul>\r\n\r\n\r\n\r\n<p><b>C\u00e1c t\u00ednh n\u0103ng c\u1ee7a D\u1ecbch v\u1ee5 gi\u00e1 tr\u1ecb gia t\u0103ng c\u1ee7a ch\u00fang t\u00f4i<\/b><\/p>\r\n<ul>\r\n<li><span style=\"font-weight: 400;\"> M\u1ed9t m\u1ea1ng l\u01b0\u1edbi c\u00e1c c\u01a1 s\u1edf t\u1eadp k\u1ebft v\u00e0 kho b\u00e3i hi\u1ec7n \u0111\u1ea1i t\u1ea1i c\u00e1c \u0111\u1ecba \u0111i\u1ec3m quan tr\u1ecdng \u0111\u1ec3 chu\u1ea9n b\u1ecb v\u00e0 ch\u1ebf bi\u1ebfn l\u00f4 h\u00e0ng<\/span><\/li>\r\n<li><span style=\"font-weight: 400;\"> T\u1eadp trung t\u1eadp trung c\u00e1c l\u00f4 h\u00e0ng LCL t\u1eeb nhi\u1ec1u ngu\u1ed3n g\u1ed1c<\/span><\/li>\r\n<li><span style=\"font-weight: 400;\"> X\u1ebfp h\u1ea1ng c\u00e1c l\u00f4 h\u00e0ng LCL \u0111a xu\u1ea5t x\u1ee9 \u0111\u1ec3 thu\u1eadn ti\u1ec7n cho vi\u1ec7c gom h\u00e0ng<\/span><\/li>\r\n<li><span style=\"font-weight: 400;\"> H\u1ee3p nh\u1ea5t c\u00e1c t\u1ea3i h\u00e0ng \u0111\u00e3 \u0111\u01b0\u1ee3c chu\u1ea9n b\u1ecb s\u1eb5n s\u00e0ng cho qu\u00e1 tr\u00ecnh v\u1eadn chuy\u1ec3n<\/span><\/li>\r\n<li><span style=\"font-weight: 400;\"> H\u1ec7 th\u1ed1ng c\u00e1c d\u1ecbch v\u1ee5 x\u1eed l\u00fd h\u00e0ng t\u1ed3n kho bao g\u1ed3m: thu nh\u1eadn v\u00e0 \u0111\u00f3ng g\u00f3i, qu\u00e9t m\u00e3 v\u1ea1ch, \u0111\u00f3ng g\u00f3i l\u1ea1i, d\u00e1n nh\u00e3n h\u00e0ng h\u00f3a v\u00e0 g\u1eafn th\u1ebb v\u00e0 h\u1ee3p nh\u1ea5t t\u1ea3i<\/span><\/li>\r\n<li><span style=\"font-weight: 400;\"> D\u1ecbch v\u1ee5 NVO c\u1ea1nh tranh v\u1ec1 gi\u00e1 tr\u00ean c\u00e1c tuy\u1ebfn th\u01b0\u01a1ng m\u1ea1i \u0111\u01b0\u1ee3c ch\u1ecdn<\/span><\/li>\r\n<\/ul>\r\n\r\n\r\n\r\n<p><b>L\u1ee3i \u00edch cho b\u1ea1n<\/b><\/p>\r\n<ul>\r\n<li><span style=\"font-weight: 400;\"> Gi\u1ea3m chi ph\u00ed x\u1eed l\u00fd h\u00e0ng h\u00f3a t\u1ea1i \u0111i\u1ec3m \u0111\u1ebfn<\/span><\/li>\r\n<li><span style=\"font-weight: 400;\"> Ti\u1ebft ki\u1ec7m v\u00e0 \u0111i\u1ec1u ph\u1ed1i nhi\u1ec1u l\u00f4 h\u00e0ng t\u1eeb nhi\u1ec1u ngu\u1ed3n g\u1ed1c kh\u00e1c nhau<\/span><\/li>\r\n<li><span style=\"font-weight: 400;\"> Gi\u1ea3m th\u1eddi gian v\u1eadn chuy\u1ec3n th\u00f4ng qua vi\u1ec7c lo\u1ea1i b\u1ecf c\u00e1c \u0111i\u1ec3m ph\u00e2n ph\u1ed1i trung gian<\/span><\/li>\r\n<li><span style=\"font-weight: 400;\"> S\u1eed d\u1ee5ng container hi\u1ec7u qu\u1ea3 v\u1ec1 chi ph\u00ed<\/span><\/li>\r\n<li><span style=\"font-weight: 400;\"> C\u1ea3i thi\u1ec7n vi\u1ec7c l\u1eadp k\u1ebf ho\u1ea1ch v\u1eadn chuy\u1ec3n v\u00e0 \u0111i\u1ec1u ph\u1ed1i t\u1ea1i c\u00e1c \u0111\u1ecba \u0111i\u1ec3m nh\u1eadn h\u00e0ng<\/span><\/li>\r\n<\/ul>","protected":false},"excerpt":{"rendered":"<p>Gi\u1ea3m chi ph\u00ed x\u1eed l\u00fd v\u00e0 chi ph\u00ed h\u00e0nh ch\u00ednh C\u00e1c d\u1ecbch v\u1ee5 gi\u00e1 tr\u1ecb gia t\u0103ng c\u1ee7a M&amp;P Logistics gi\u00fap cho vi\u1ec7c ph\u00e2n ph\u1ed1i s\u1ea3n ph\u1ea9m c\u1ee7a b\u1ea1n hi\u1ec7u qu\u1ea3 h\u01a1n v\u00e0 \u00edt t\u1ed1n k\u00e9m h\u01a1n. C\u00e1c d\u1ecbch v\u1ee5 \u0111a d\u1ea1ng c\u1ee7a ch\u00fang t\u00f4i gia t\u0103ng gi\u00e1 tr\u1ecb b\u1eb1ng c\u00e1ch gi\u1ea3m ph\u00ed x\u1ebfp d\u1ee1 cao v\u00e0 cung c\u1ea5p c\u00e1c ch\u01b0\u01a1ng tr\u00ecnh x\u1ebfp h\u1ea1ng h\u00e0ng h\u00f3a c\u00f3 th\u1ec3 gi\u00fap b\u1ea1n &hellip; <\/p>\n","protected":false},"author":1,"featured_media":2203,"parent":0,"menu_order":0,"comment_status":"closed","ping_status":"closed","template":"","meta":[],"_links":{"self":[{"href":"http:\/\/mplogistics.com.vn\/vi\/wp-json\/wp\/v2\/pages\/26"}],"collection":[{"href":"http:\/\/mplogistics.com.vn\/vi\/wp-json\/wp\/v2\/pages"}],"about":[{"href":"http:\/\/mplogistics.com.vn\/vi\/wp-json\/wp\/v2\/types\/page"}],"author":[{"embeddable":true,"href":"http:\/\/mplogistics.com.vn\/vi\/wp-json\/wp\/v2\/users\/1"}],"replies":[{"embeddable":true,"href":"http:\/\/mplogistics.com.vn\/vi\/wp-json\/wp\/v2\/comments?post=26"}],"version-history":[{"count":2,"href":"http:\/\/mplogistics.com.vn\/vi\/wp-json\/wp\/v2\/pages\/26\/revisions"}],"predecessor-version":[{"id":2352,"href":"http:\/\/mplogistics.com.vn\/vi\/wp-json\/wp\/v2\/pages\/26\/revisions\/2352"}],"wp:featuredmedia":[{"embeddable":true,"href":"http:\/\/mplogistics.com.vn\/vi\/wp-json\/wp\/v2\/media\/2203"}],"wp:attachment":[{"href":"http:\/\/mplogistics.com.vn\/vi\/wp-json\/wp\/v2\/media?parent=26"}],"curies":[{"name":"wp","href":"https:\/\/api.w.org\/{rel}","templated":true}]}}