{"id":28,"date":"2020-09-21T15:53:00","date_gmt":"2020-09-21T15:53:00","guid":{"rendered":"http:\/\/beta.mplogistics.com.vn\/?page_id=28"},"modified":"2021-04-05T16:37:24","modified_gmt":"2021-04-05T16:37:24","slug":"garment-on-hanger-services","status":"publish","type":"page","link":"http:\/\/mplogistics.com.vn\/vi\/garment-on-hanger-services\/","title":{"rendered":"D\u1ecbch v\u1ee5 \u0110\u00f3ng g\u00f3i h\u00e0ng may m\u1eb7c"},"content":{"rendered":"<p><b>D\u1ecbch v\u1ee5 GOH Gi\u1ea3m thi\u1ec3u quy tr\u00ecnh giao h\u00e0ng v\u00e0 chi ph\u00ed<\/b><\/p>\r\n<p><span style=\"font-weight: 400;\">M &amp; P Logistics chu\u1ea9n b\u1ecb cho c\u00e1c l\u00f4 h\u00e0ng may m\u1eb7c (GOH) c\u1ee7a b\u1ea1n \u1edf tr\u1ea1ng th\u00e1i &#8220;s\u1eb5n s\u00e0ng b\u00e1n l\u1ebb&#8221; t\u1ea1i \u0111i\u1ec3m \u0111\u1ebfn, gi\u1ea3m thi\u1ec3u chi ph\u00ed x\u1eed l\u00fd. C\u00e1c quy tr\u00ecnh \u0111\u01b0\u1ee3c s\u1eafp x\u1ebfp h\u1ee3p l\u00fd c\u1ee7a ch\u00fang t\u00f4i \u0111\u1ea3m b\u1ea3o vi\u1ec7c s\u1eed d\u1ee5ng container m\u1ed9t c\u00e1ch t\u1ed1i \u01b0u.<\/span><\/p>\r\n\r\n\r\n\r\n<p><b>T\u00f9y ch\u1ecdn h\u00ecnh th\u1ee9c t\u1ea3i h\u00e0ng ph\u00f9 h\u1ee3p v\u1edbi nhu c\u1ea7u c\u1ee7a b\u1ea1n<\/b><\/p>\r\n<p><span style=\"font-weight: 400;\">Ch\u00fang t\u00f4i t\u1ea3i h\u00e0ng may m\u1eb7c theo c\u00e1ch ph\u00f9 h\u1ee3p nh\u1ea5t v\u1edbi nhu c\u1ea7u ph\u00e2n ph\u1ed1i c\u1ee7a b\u1ea1n. Vi\u1ec7c \u0111\u00f3ng g\u00f3i \u0111\u01b0\u1ee3c th\u1ef1c hi\u1ec7n trong c\u00e1c kho GOH s\u1ea1ch, h\u00fat \u1ea9m v\u00e0 kh\u00f4ng b\u1ee5i c\u1ee7a ch\u00fang t\u00f4i \u0111\u1eb7t t\u1ea1i H\u00e0 N\u1ed9i, H\u1ea3i Ph\u00f2ng v\u00e0 H\u1ed3 Ch\u00ed Minh. H\u00e0ng may m\u1eb7c \u0111\u01b0\u1ee3c x\u1eed l\u00fd c\u1ea9n th\u1eadn v\u00e0 ch\u1ea5t v\u00e0o th\u00f9ng ch\u1ee9a an to\u00e0n \u0111\u1ec3 gi\u1ea3m nguy c\u01a1 h\u01b0 h\u1ecfng ho\u1eb7c b\u1ea9n. Ch\u00fang t\u00f4i c\u0169ng c\u00f3 th\u1ec3 gom h\u00e0ng may m\u1eb7c t\u1eeb nhi\u1ec1u ng\u01b0\u1eddi g\u1eedi h\u00e0ng v\u00e0o c\u00f9ng m\u1ed9t container.<\/span><\/p>\r\n\r\n\r\n\r\n<p><b>Quy tr\u00ecnh d\u1ecbch v\u1ee5 \u0111\u01a1n gi\u1ea3n gi\u00fap ti\u1ebft ki\u1ec7m th\u1eddi gian v\u00e0 ti\u1ec1n b\u1ea1c<\/b><\/p>\r\n<p><span style=\"font-weight: 400;\">\u0110\u00e2y l\u00e0 c\u00e1ch ch\u00fang t\u00f4i cung c\u1ea5p d\u1ecbch v\u1ee5 c\u1ee7a m\u00ecnh cho b\u1ea1n:<\/span><\/p>\r\n<ul>\r\n<li><span style=\"font-weight: 400;\"> Nh\u00e0 cung c\u1ea5p c\u1ee7a b\u1ea1n \u0111\u1eb7t ch\u1ed7 v\u1edbi M &amp; P Logistics kho\u1ea3ng m\u1ed9t tu\u1ea7n tr\u01b0\u1edbc khi t\u00e0u kh\u1edfi h\u00e0nh.<\/span><\/li>\r\n<li><span style=\"font-weight: 400;\"> Chuy\u00ean gia GOH \u0111\u01b0\u1ee3c ch\u1ec9 \u0111\u1ecbnh c\u1ee7a M &amp; P Logistics l\u1ea5y nh\u1eefng th\u00f4ng tin chi ti\u1ebft v\u00e0 quan tr\u1ecdng v\u1ec1 l\u00f4 h\u00e0ng t\u1eeb m\u1ed7i nh\u00e0 cung c\u1ea5p<\/span><\/li>\r\n<li><span style=\"font-weight: 400;\"> Ch\u00fang t\u00f4i s\u1eafp x\u1ebfp vi\u1ec7c nh\u1eadn container r\u1ed7ng (t\u1eeb nh\u00e0 cung c\u1ea5p m\u00e0 b\u1ea1n l\u1ef1a ch\u1ecdn) v\u00e0 \u0111\u1ecbnh v\u1ecb c\u00e1c container t\u1ea1i \u0111\u1ecba \u0111i\u1ec3m b\u1ed1c h\u00e0ng do nh\u00e0 cung c\u1ea5p ch\u1ec9 \u0111\u1ecbnh. Ch\u00fang t\u00f4i c\u0169ng \u0111i\u1ec1u ph\u1ed1i t\u1ea3i t\u1eeb nhi\u1ec1u nh\u00e0 cung c\u1ea5p ho\u1eb7c nhi\u1ec1u \u0111\u1ecba \u0111i\u1ec3m.<\/span><\/li>\r\n<li><span style=\"font-weight: 400;\"> Sau khi nh\u1eadn h\u00e0ng t\u1eeb nh\u00e0 cung c\u1ea5p, th\u00f9ng ch\u1ee9a \u0111\u01b0\u1ee3c x\u1ebfp theo tr\u00ecnh t\u1ef1 nh\u1ed3i b\u1ea1n ch\u1ec9 \u0111\u1ecbnh, c\u00f3 th\u1ec3 \u0111\u01b0\u1ee3c s\u1eafp x\u1ebfp theo th\u1ee9 t\u1ef1 mua, k\u00edch th\u01b0\u1edbc, m\u00e0u s\u1eafc ho\u1eb7c c\u1ea5p \u0111\u1ed9 ki\u1ec3u d\u00e1ng.<\/span><\/li>\r\n<li><span style=\"font-weight: 400;\"> M\u1ed9t nh\u00e2n vi\u00ean kh\u1ea3o s\u00e1t \u0111\u1ed9c l\u1eadp x\u00e1c nh\u1eadn s\u1ed1 l\u01b0\u1ee3ng h\u00e0ng h\u00f3a trong qu\u00e1 tr\u00ecnh x\u1ebfp h\u00e0ng<\/span><\/li>\r\n<li><span style=\"font-weight: 400;\"> Ch\u00fang t\u00f4i c\u00f3 th\u1ec3 cung c\u1ea5p silica gel \u0111\u1ec3 ng\u0103n qu\u1ea7n \u00e1o h\u00fat \u1ea9m.<\/span><\/li>\r\n<\/ul>\r\n\r\n\r\n\r\n<p><b>C\u00e1c t\u00ednh n\u0103ng ch\u00ednh c\u1ee7a d\u1ecbch v\u1ee5 GOH c\u1ee7a ch\u00fang t\u00f4i<\/b><\/p>\r\n<ul>\r\n<li><span style=\"font-weight: 400;\"> Trung t\u00e2m d\u1ecbch v\u1ee5 \u0111\u01b0\u1ee3c l\u1eafp \u0111\u1eb7t h\u1ec7 th\u1ed1ng ki\u1ec3m so\u00e1t \u0111\u1ed9 \u1ea9m v\u00e0 kh\u00f4ng b\u1ee5i t\u1ea1i H\u00e0 N\u1ed9i, H\u1ed3 Ch\u00ed Minh v\u00e0 H\u1ea3i Ph\u00f2ng<\/span><\/li>\r\n<li><span style=\"font-weight: 400;\"> C\u00e1c Chuy\u00ean gia GOH chuy\u00ean \u0111i\u1ec1u ph\u1ed1i c\u00e1c chuy\u1ebfn h\u00e0ng c\u1ee7a nh\u00e0 cung c\u1ea5p v\u00e0 gi\u00e1m s\u00e1t vi\u1ec7c x\u1ebfp h\u00e0ng v\u00e0o container<\/span><\/li>\r\n<li><span style=\"font-weight: 400;\"> L\u1ef1a ch\u1ecdn k\u1ef9 thu\u1eadt t\u1ea3i h\u00e0ng \u0111\u1ec3 ti\u1ebft ki\u1ec7m chi ph\u00ed: H\u1ec7 th\u1ed1ng d\u00e2y ho\u1eb7c H\u1ec7 th\u1ed1ng thanh<\/span><\/li>\r\n<li><span style=\"font-weight: 400;\"> H\u00e0ng may m\u1eb7c \u0111\u01b0\u1ee3c v\u1eadn chuy\u1ec3n trong t\u00ecnh tr\u1ea1ng &#8220;s\u1eb5n s\u00e0ng \u0111\u1ec3 b\u00e1n l\u1ebb&#8221;<\/span><\/li>\r\n<li><span style=\"font-weight: 400;\"> C\u00e1c container \u0111\u01b0\u1ee3c h\u1ee3p nh\u1ea5t v\u00e0 s\u1eafp x\u1ebfp theo nguy\u00ean t\u1eafc v\u00e0 h\u01b0\u1edbng d\u1eabn c\u1ee7a b\u1ea1n<\/span><\/li>\r\n<li><span style=\"font-weight: 400;\"> X\u1eed l\u00fd l\u00f4 h\u00e0ng v\u00e0 s\u1eafp x\u1ebfp theo \u0111\u01a1n \u0111\u1eb7t h\u00e0ng, k\u00edch th\u01b0\u1edbc, m\u00e0u s\u1eafc, ki\u1ec3u d\u00e1ng ho\u1eb7c s\u1ed1 l\u01b0\u1ee3ng s\u1ea3n ph\u1ea9m<\/span><\/li>\r\n<li><span style=\"font-weight: 400;\"> X\u00e1c minh s\u1ed1 l\u01b0\u1ee3ng s\u1ea3n ph\u1ea9m b\u1edfi m\u1ed9t nh\u00e0 kh\u1ea3o s\u00e1t \u0111\u1ed9c l\u1eadp<\/span><\/li>\r\n<\/ul>\r\n\r\n\r\n\r\n<p><b>L\u1ee3i \u00edch cho b\u1ea1n<\/b><\/p>\r\n<ul>\r\n<li><span style=\"font-weight: 400;\"> Gi\u1ea3m chi ph\u00ed x\u1eed l\u00fd h\u00e0ng may m\u1eb7c t\u1ea1i \u0111i\u1ec3m \u0111\u1ebfn<\/span><\/li>\r\n<li><span style=\"font-weight: 400;\"> Gi\u1ea3m chi ph\u00ed v\u1eadn t\u1ea3i \u0111\u01b0\u1eddng bi\u1ec3n do s\u1eed d\u1ee5ng t\u1ed1i \u01b0u c\u00e1c container<\/span><\/li>\r\n<li><span style=\"font-weight: 400;\"> Gi\u1ea3m h\u01b0 h\u1ecfng h\u00e0ng h\u00f3a v\u00e0 v\u1ebft b\u1ea9n<\/span><\/li>\r\n<li><span style=\"font-weight: 400;\"> \u0110\u1ea3m b\u1ea3o ch\u00ednh x\u00e1c s\u1ed1 l\u01b0\u1ee3ng h\u00e0ng h\u00f3a<\/span><\/li>\r\n<li><span style=\"font-weight: 400;\"> C\u1ea3i thi\u1ec7n vi\u1ec7c ki\u1ec3m so\u00e1t l\u00f4 h\u00e0ng t\u1ea1i ngu\u1ed3n<\/span><\/li>\r\n<\/ul>","protected":false},"excerpt":{"rendered":"<p>D\u1ecbch v\u1ee5 GOH Gi\u1ea3m thi\u1ec3u quy tr\u00ecnh giao h\u00e0ng v\u00e0 chi ph\u00ed M &amp; P Logistics chu\u1ea9n b\u1ecb cho c\u00e1c l\u00f4 h\u00e0ng may m\u1eb7c (GOH) c\u1ee7a b\u1ea1n \u1edf tr\u1ea1ng th\u00e1i &#8220;s\u1eb5n s\u00e0ng b\u00e1n l\u1ebb&#8221; t\u1ea1i \u0111i\u1ec3m \u0111\u1ebfn, gi\u1ea3m thi\u1ec3u chi ph\u00ed x\u1eed l\u00fd. C\u00e1c quy tr\u00ecnh \u0111\u01b0\u1ee3c s\u1eafp x\u1ebfp h\u1ee3p l\u00fd c\u1ee7a ch\u00fang t\u00f4i \u0111\u1ea3m b\u1ea3o vi\u1ec7c s\u1eed d\u1ee5ng container m\u1ed9t c\u00e1ch t\u1ed1i \u01b0u. T\u00f9y ch\u1ecdn h\u00ecnh th\u1ee9c t\u1ea3i h\u00e0ng &hellip; <\/p>\n","protected":false},"author":1,"featured_media":1990,"parent":0,"menu_order":0,"comment_status":"closed","ping_status":"closed","template":"","meta":[],"_links":{"self":[{"href":"http:\/\/mplogistics.com.vn\/vi\/wp-json\/wp\/v2\/pages\/28"}],"collection":[{"href":"http:\/\/mplogistics.com.vn\/vi\/wp-json\/wp\/v2\/pages"}],"about":[{"href":"http:\/\/mplogistics.com.vn\/vi\/wp-json\/wp\/v2\/types\/page"}],"author":[{"embeddable":true,"href":"http:\/\/mplogistics.com.vn\/vi\/wp-json\/wp\/v2\/users\/1"}],"replies":[{"embeddable":true,"href":"http:\/\/mplogistics.com.vn\/vi\/wp-json\/wp\/v2\/comments?post=28"}],"version-history":[{"count":4,"href":"http:\/\/mplogistics.com.vn\/vi\/wp-json\/wp\/v2\/pages\/28\/revisions"}],"predecessor-version":[{"id":2356,"href":"http:\/\/mplogistics.com.vn\/vi\/wp-json\/wp\/v2\/pages\/28\/revisions\/2356"}],"wp:featuredmedia":[{"embeddable":true,"href":"http:\/\/mplogistics.com.vn\/vi\/wp-json\/wp\/v2\/media\/1990"}],"wp:attachment":[{"href":"http:\/\/mplogistics.com.vn\/vi\/wp-json\/wp\/v2\/media?parent=28"}],"curies":[{"name":"wp","href":"https:\/\/api.w.org\/{rel}","templated":true}]}}